{"id":119,"date":"2017-06-14T09:22:20","date_gmt":"2017-06-14T09:22:20","guid":{"rendered":"http:\/\/themes.getmotopress.com\/villagio\/?page_id=119"},"modified":"2018-04-07T09:53:38","modified_gmt":"2018-04-07T07:53:38","slug":"services","status":"publish","type":"page","link":"https:\/\/aktiserifos.gr\/de\/services\/","title":{"rendered":"Dienstleistungen"},"content":{"rendered":"<div class=\"mphb_sc_services-wrapper \"><div class=\"mphb-service post-76 mphb_room_service type-mphb_room_service status-publish has-post-thumbnail mphb-service-free mphb-service-pay-per-night\">\r\n\r\n\t\r\n\r\n\t<p class=\"mphb-loop-service-thumbnail\">\r\n\t<img loading=\"lazy\" decoding=\"async\" width=\"717\" height=\"540\" src=\"https:\/\/i0.wp.com\/aktiserifos.gr\/wp-content\/uploads\/2017\/06\/27536797_10213418047298075_896548862_o-2.jpg?resize=717%2C540&amp;ssl=1\" class=\"attachment-villagio-thumb-small size-villagio-thumb-small wp-post-image\" alt=\"\" srcset=\"https:\/\/i0.wp.com\/aktiserifos.gr\/wp-content\/uploads\/2017\/06\/27536797_10213418047298075_896548862_o-2.jpg?resize=300%2C225&amp;ssl=1 300w, https:\/\/i0.wp.com\/aktiserifos.gr\/wp-content\/uploads\/2017\/06\/27536797_10213418047298075_896548862_o-2.jpg?resize=717%2C540&amp;ssl=1 717w, https:\/\/i0.wp.com\/aktiserifos.gr\/wp-content\/uploads\/2017\/06\/27536797_10213418047298075_896548862_o-2.jpg?zoom=2&amp;resize=717%2C540&amp;ssl=1 1434w\" sizes=\"auto, (max-width: 717px) 100vw, 717px\" data-attachment-id=\"2037\" data-permalink=\"https:\/\/aktiserifos.gr\/de\/service\/seaside\/27536797_10213418047298075_896548862_o-3\/\" data-orig-file=\"https:\/\/i0.wp.com\/aktiserifos.gr\/wp-content\/uploads\/2017\/06\/27536797_10213418047298075_896548862_o-2.jpg?fit=1600%2C1200&amp;ssl=1\" data-orig-size=\"1600,1200\" data-comments-opened=\"0\" data-image-meta=\"{&quot;aperture&quot;:&quot;0&quot;,&quot;credit&quot;:&quot;&quot;,&quot;camera&quot;:&quot;&quot;,&quot;caption&quot;:&quot;&quot;,&quot;created_timestamp&quot;:&quot;0&quot;,&quot;copyright&quot;:&quot;&quot;,&quot;focal_length&quot;:&quot;0&quot;,&quot;iso&quot;:&quot;0&quot;,&quot;shutter_speed&quot;:&quot;0&quot;,&quot;title&quot;:&quot;&quot;,&quot;orientation&quot;:&quot;0&quot;}\" data-image-title=\"27536797_10213418047298075_896548862_o\" data-image-description=\"\" data-image-caption=\"\" data-medium-file=\"https:\/\/i0.wp.com\/aktiserifos.gr\/wp-content\/uploads\/2017\/06\/27536797_10213418047298075_896548862_o-2.jpg?fit=300%2C225&amp;ssl=1\" data-large-file=\"https:\/\/i0.wp.com\/aktiserifos.gr\/wp-content\/uploads\/2017\/06\/27536797_10213418047298075_896548862_o-2.jpg?fit=886%2C665&amp;ssl=1\" \/>\r\n\t<\/p>\r\n\r\n\r\n\r\n<h2 class=\"mphb-service-title\">\r\n<a href=\"https:\/\/aktiserifos.gr\/de\/service\/seaside\/\">Meer-oder Gartenblick<\/a>\r\n<\/h2>\r\n\r\n<p>Jedes unserer Zimmer hat eine einzigartige magische Aussicht. Sie k\u00f6nnen das tiefe Blau der \u00c4g\u00e4is, die beruhigende Aussicht auf unseren Garten oder die malerische Aussicht auf unser Kykladendorf w\u00e4hlen.<\/p>\n\r\n\r\n<p class=\"mphb-price-wrapper\"><strong>Preis:<\/strong>\r\n<span class=\"mphb-price mphb-price-free\">Kostenlos<\/span>\r\n<\/p><p class=\"more-link\"><a href=\"https:\/\/aktiserifos.gr\/de\/service\/seaside\/\" rel=\"bookmark\" class=\"button\">Weiterlesen<\/a><\/p>\r\n<\/div><div class=\"mphb-service post-77 mphb_room_service type-mphb_room_service status-publish has-post-thumbnail mphb-service-free mphb-service-pay-per-night\">\r\n\r\n\t\r\n\r\n\t<p class=\"mphb-loop-service-thumbnail\">\r\n\t<img loading=\"lazy\" decoding=\"async\" width=\"717\" height=\"540\" src=\"https:\/\/i0.wp.com\/aktiserifos.gr\/wp-content\/uploads\/2017\/06\/450-4.jpg?resize=717%2C540&amp;ssl=1\" class=\"attachment-villagio-thumb-small size-villagio-thumb-small wp-post-image\" alt=\"\" srcset=\"https:\/\/i0.wp.com\/aktiserifos.gr\/wp-content\/uploads\/2017\/06\/450-4.jpg?resize=300%2C225&amp;ssl=1 300w, https:\/\/i0.wp.com\/aktiserifos.gr\/wp-content\/uploads\/2017\/06\/450-4.jpg?resize=717%2C540&amp;ssl=1 717w, https:\/\/i0.wp.com\/aktiserifos.gr\/wp-content\/uploads\/2017\/06\/450-4.jpg?zoom=2&amp;resize=717%2C540&amp;ssl=1 1434w\" sizes=\"auto, (max-width: 717px) 100vw, 717px\" data-attachment-id=\"743\" data-permalink=\"https:\/\/aktiserifos.gr\/de\/service\/tvwifi\/450-6\/\" data-orig-file=\"https:\/\/i0.wp.com\/aktiserifos.gr\/wp-content\/uploads\/2017\/06\/450-4.jpg?fit=1600%2C1200&amp;ssl=1\" data-orig-size=\"1600,1200\" data-comments-opened=\"0\" data-image-meta=\"{&quot;aperture&quot;:&quot;0&quot;,&quot;credit&quot;:&quot;&quot;,&quot;camera&quot;:&quot;&quot;,&quot;caption&quot;:&quot;&quot;,&quot;created_timestamp&quot;:&quot;0&quot;,&quot;copyright&quot;:&quot;&quot;,&quot;focal_length&quot;:&quot;0&quot;,&quot;iso&quot;:&quot;0&quot;,&quot;shutter_speed&quot;:&quot;0&quot;,&quot;title&quot;:&quot;&quot;,&quot;orientation&quot;:&quot;0&quot;}\" data-image-title=\"450\" data-image-description=\"\" data-image-caption=\"\" data-medium-file=\"https:\/\/i0.wp.com\/aktiserifos.gr\/wp-content\/uploads\/2017\/06\/450-4.jpg?fit=300%2C225&amp;ssl=1\" data-large-file=\"https:\/\/i0.wp.com\/aktiserifos.gr\/wp-content\/uploads\/2017\/06\/450-4.jpg?fit=886%2C665&amp;ssl=1\" \/>\r\n\t<\/p>\r\n\r\n\r\n\r\n<h2 class=\"mphb-service-title\">\r\n<a href=\"https:\/\/aktiserifos.gr\/de\/service\/tvwifi\/\">Fernseher und kostenloses Wi-Fi<\/a>\r\n<\/h2>\r\n\r\n<p>Alle unsere Zimmer haben kostenlosen Internetzugang \u00fcber unser Wi-Fi-Netzwerk. Die Zimmer sind mit Flachbildfernseher ausgestattet.<\/p>\n\r\n\r\n<p class=\"mphb-price-wrapper\"><strong>Preis:<\/strong>\r\n<span class=\"mphb-price mphb-price-free\">Kostenlos<\/span>\r\n<\/p><p class=\"more-link\"><a href=\"https:\/\/aktiserifos.gr\/de\/service\/tvwifi\/\" rel=\"bookmark\" class=\"button\">Weiterlesen<\/a><\/p>\r\n<\/div><div class=\"mphb-service post-78 mphb_room_service type-mphb_room_service status-publish has-post-thumbnail mphb-service-free\">\r\n\r\n\t\r\n\r\n\t<p class=\"mphb-loop-service-thumbnail\">\r\n\t<img loading=\"lazy\" decoding=\"async\" width=\"717\" height=\"540\" src=\"https:\/\/i0.wp.com\/aktiserifos.gr\/wp-content\/uploads\/2017\/06\/IMG_1221.jpg?resize=717%2C540&amp;ssl=1\" class=\"attachment-villagio-thumb-small size-villagio-thumb-small wp-post-image\" alt=\"\" data-attachment-id=\"2039\" data-permalink=\"https:\/\/aktiserifos.gr\/de\/service\/cleaning\/img_1221-2\/\" data-orig-file=\"https:\/\/i0.wp.com\/aktiserifos.gr\/wp-content\/uploads\/2017\/06\/IMG_1221.jpg?fit=1067%2C1601&amp;ssl=1\" data-orig-size=\"1067,1601\" data-comments-opened=\"0\" data-image-meta=\"{&quot;aperture&quot;:&quot;0&quot;,&quot;credit&quot;:&quot;&quot;,&quot;camera&quot;:&quot;&quot;,&quot;caption&quot;:&quot;&quot;,&quot;created_timestamp&quot;:&quot;1660680615&quot;,&quot;copyright&quot;:&quot;&quot;,&quot;focal_length&quot;:&quot;0&quot;,&quot;iso&quot;:&quot;0&quot;,&quot;shutter_speed&quot;:&quot;0&quot;,&quot;title&quot;:&quot;&quot;,&quot;orientation&quot;:&quot;1&quot;}\" data-image-title=\"IMG_1221\" data-image-description=\"\" data-image-caption=\"\" data-medium-file=\"https:\/\/i0.wp.com\/aktiserifos.gr\/wp-content\/uploads\/2017\/06\/IMG_1221.jpg?fit=200%2C300&amp;ssl=1\" data-large-file=\"https:\/\/i0.wp.com\/aktiserifos.gr\/wp-content\/uploads\/2017\/06\/IMG_1221.jpg?fit=682%2C1024&amp;ssl=1\" \/>\r\n\t<\/p>\r\n\r\n\r\n\r\n<h2 class=\"mphb-service-title\">\r\n<a href=\"https:\/\/aktiserifos.gr\/de\/service\/cleaning\/\">T\u00e4gliche Reinigung \u2013 Room Service<\/a>\r\n<\/h2>\r\n\r\n<p>T\u00e4gliche Reinigung und Room Service inklusive Handt\u00fccher und Bettw\u00e4sche. Professioneller Reinigungsservice ist eine wesentliche Voraussetzung f\u00fcr Ihren Aufenthalt in unseren Zimmern. In der K\u00fcche und im Bad finden Sie auch alle notwendigen Ausstattungen (einige Zimmer enthalten m\u00f6glicherweise keine Einbauk\u00fcche).<\/p>\n\r\n\r\n<p class=\"mphb-price-wrapper\"><strong>Preis:<\/strong>\r\n<span class=\"mphb-price mphb-price-free\">Kostenlos<\/span>\r\n<\/p><p class=\"more-link\"><a href=\"https:\/\/aktiserifos.gr\/de\/service\/cleaning\/\" rel=\"bookmark\" class=\"button\">Weiterlesen<\/a><\/p>\r\n<\/div><div class=\"mphb-service post-79 mphb_room_service type-mphb_room_service status-publish has-post-thumbnail mphb-service-free mphb-service-pay-per-adult mphb-service-pay-per-night\">\r\n\r\n\t\r\n\r\n\t<p class=\"mphb-loop-service-thumbnail\">\r\n\t<img loading=\"lazy\" decoding=\"async\" width=\"717\" height=\"540\" src=\"https:\/\/i0.wp.com\/aktiserifos.gr\/wp-content\/uploads\/2017\/06\/IMG_0882-scaled.jpg?resize=717%2C540&amp;ssl=1\" class=\"attachment-villagio-thumb-small size-villagio-thumb-small wp-post-image\" alt=\"\" srcset=\"https:\/\/i0.wp.com\/aktiserifos.gr\/wp-content\/uploads\/2017\/06\/IMG_0882-scaled.jpg?resize=717%2C540&amp;ssl=1 717w, https:\/\/i0.wp.com\/aktiserifos.gr\/wp-content\/uploads\/2017\/06\/IMG_0882-scaled.jpg?zoom=2&amp;resize=717%2C540&amp;ssl=1 1434w\" sizes=\"auto, (max-width: 717px) 100vw, 717px\" data-attachment-id=\"2040\" data-permalink=\"https:\/\/aktiserifos.gr\/de\/service\/hotwater\/img_0882\/\" data-orig-file=\"https:\/\/i0.wp.com\/aktiserifos.gr\/wp-content\/uploads\/2017\/06\/IMG_0882-scaled.jpg?fit=1920%2C2560&amp;ssl=1\" data-orig-size=\"1920,2560\" data-comments-opened=\"0\" data-image-meta=\"{&quot;aperture&quot;:&quot;1.8&quot;,&quot;credit&quot;:&quot;&quot;,&quot;camera&quot;:&quot;iPhone 7&quot;,&quot;caption&quot;:&quot;&quot;,&quot;created_timestamp&quot;:&quot;1537527983&quot;,&quot;copyright&quot;:&quot;&quot;,&quot;focal_length&quot;:&quot;3.99&quot;,&quot;iso&quot;:&quot;40&quot;,&quot;shutter_speed&quot;:&quot;0.05&quot;,&quot;title&quot;:&quot;&quot;,&quot;orientation&quot;:&quot;1&quot;}\" data-image-title=\"IMG_0882\" data-image-description=\"\" data-image-caption=\"\" data-medium-file=\"https:\/\/i0.wp.com\/aktiserifos.gr\/wp-content\/uploads\/2017\/06\/IMG_0882-scaled.jpg?fit=225%2C300&amp;ssl=1\" data-large-file=\"https:\/\/i0.wp.com\/aktiserifos.gr\/wp-content\/uploads\/2017\/06\/IMG_0882-scaled.jpg?fit=768%2C1024&amp;ssl=1\" \/>\r\n\t<\/p>\r\n\r\n\r\n\r\n<h2 class=\"mphb-service-title\">\r\n<a href=\"https:\/\/aktiserifos.gr\/de\/service\/hotwater\/\">Hei\u00dfes Wasser<\/a>\r\n<\/h2>\r\n\r\n<p>Alle unsere Zimmer haben individuelle Duschen oder Badewannen mit 24 Stunden hei\u00dfem Wasser.<\/p>\n\r\n\r\n<p class=\"mphb-price-wrapper\"><strong>Preis:<\/strong>\r\n<span class=\"mphb-price mphb-price-free\">Kostenlos<\/span>\r\n<\/p><p class=\"more-link\"><a href=\"https:\/\/aktiserifos.gr\/de\/service\/hotwater\/\" rel=\"bookmark\" class=\"button\">Weiterlesen<\/a><\/p>\r\n<\/div><div class=\"mphb-service post-81 mphb_room_service type-mphb_room_service status-publish has-post-thumbnail mphb-service-free mphb-service-pay-per-night\">\r\n\r\n\t\r\n\r\n\t<p class=\"mphb-loop-service-thumbnail\">\r\n\t<img loading=\"lazy\" decoding=\"async\" width=\"717\" height=\"540\" src=\"https:\/\/i0.wp.com\/aktiserifos.gr\/wp-content\/uploads\/2017\/06\/erkoditio.jpeg?resize=717%2C540&amp;ssl=1\" class=\"attachment-villagio-thumb-small size-villagio-thumb-small wp-post-image\" alt=\"\" data-attachment-id=\"2558\" data-permalink=\"https:\/\/aktiserifos.gr\/de\/service\/aircon\/erkoditio\/\" data-orig-file=\"https:\/\/i0.wp.com\/aktiserifos.gr\/wp-content\/uploads\/2017\/06\/erkoditio.jpeg?fit=1290%2C1824&amp;ssl=1\" data-orig-size=\"1290,1824\" data-comments-opened=\"0\" data-image-meta=\"{&quot;aperture&quot;:&quot;0&quot;,&quot;credit&quot;:&quot;&quot;,&quot;camera&quot;:&quot;&quot;,&quot;caption&quot;:&quot;&quot;,&quot;created_timestamp&quot;:&quot;0&quot;,&quot;copyright&quot;:&quot;&quot;,&quot;focal_length&quot;:&quot;0&quot;,&quot;iso&quot;:&quot;0&quot;,&quot;shutter_speed&quot;:&quot;0&quot;,&quot;title&quot;:&quot;&quot;,&quot;orientation&quot;:&quot;0&quot;}\" data-image-title=\"erkoditio\" data-image-description=\"\" data-image-caption=\"\" data-medium-file=\"https:\/\/i0.wp.com\/aktiserifos.gr\/wp-content\/uploads\/2017\/06\/erkoditio.jpeg?fit=212%2C300&amp;ssl=1\" data-large-file=\"https:\/\/i0.wp.com\/aktiserifos.gr\/wp-content\/uploads\/2017\/06\/erkoditio.jpeg?fit=724%2C1024&amp;ssl=1\" \/>\r\n\t<\/p>\r\n\r\n\r\n\r\n<h2 class=\"mphb-service-title\">\r\n<a href=\"https:\/\/aktiserifos.gr\/de\/service\/aircon\/\">Klimaanlage<\/a>\r\n<\/h2>\r\n\r\n<p>Alle Zimmer sind mit einer individuell regulierbaren Klimaanlage ausgestattet.<\/p>\n\r\n\r\n<p class=\"mphb-price-wrapper\"><strong>Preis:<\/strong>\r\n<span class=\"mphb-price mphb-price-free\">Kostenlos<\/span>\r\n<\/p><p class=\"more-link\"><a href=\"https:\/\/aktiserifos.gr\/de\/service\/aircon\/\" rel=\"bookmark\" class=\"button\">Weiterlesen<\/a><\/p>\r\n<\/div><div class=\"mphb-service post-138 mphb_room_service type-mphb_room_service status-publish has-post-thumbnail mphb-service-free\">\r\n\r\n\t\r\n\r\n\t<p class=\"mphb-loop-service-thumbnail\">\r\n\t<img loading=\"lazy\" decoding=\"async\" width=\"717\" height=\"540\" src=\"https:\/\/i0.wp.com\/aktiserifos.gr\/wp-content\/uploads\/2017\/06\/kouzinaexop.jpeg?resize=717%2C540&amp;ssl=1\" class=\"attachment-villagio-thumb-small size-villagio-thumb-small wp-post-image\" alt=\"\" data-attachment-id=\"2559\" data-permalink=\"https:\/\/aktiserifos.gr\/de\/service\/refrig\/kouzinaexop\/\" data-orig-file=\"https:\/\/i0.wp.com\/aktiserifos.gr\/wp-content\/uploads\/2017\/06\/kouzinaexop.jpeg?fit=1290%2C1099&amp;ssl=1\" data-orig-size=\"1290,1099\" data-comments-opened=\"0\" data-image-meta=\"{&quot;aperture&quot;:&quot;0&quot;,&quot;credit&quot;:&quot;&quot;,&quot;camera&quot;:&quot;&quot;,&quot;caption&quot;:&quot;&quot;,&quot;created_timestamp&quot;:&quot;0&quot;,&quot;copyright&quot;:&quot;&quot;,&quot;focal_length&quot;:&quot;0&quot;,&quot;iso&quot;:&quot;0&quot;,&quot;shutter_speed&quot;:&quot;0&quot;,&quot;title&quot;:&quot;&quot;,&quot;orientation&quot;:&quot;0&quot;}\" data-image-title=\"kouzinaexop\" data-image-description=\"\" data-image-caption=\"\" data-medium-file=\"https:\/\/i0.wp.com\/aktiserifos.gr\/wp-content\/uploads\/2017\/06\/kouzinaexop.jpeg?fit=300%2C256&amp;ssl=1\" data-large-file=\"https:\/\/i0.wp.com\/aktiserifos.gr\/wp-content\/uploads\/2017\/06\/kouzinaexop.jpeg?fit=886%2C754&amp;ssl=1\" \/>\r\n\t<\/p>\r\n\r\n\r\n\r\n<h2 class=\"mphb-service-title\">\r\n<a href=\"https:\/\/aktiserifos.gr\/de\/service\/refrig\/\">K\u00fchlschrank und Einbauk\u00fcche<\/a>\r\n<\/h2>\r\n\r\n<p>Alle unsere Wohnungen und Zimmer sind mit K\u00fchlschr\u00e4nken ausgestattet, sodass Sie frisches Obst und kalte Getr\u00e4nke genie\u00dfen k\u00f6nnen. Unsere Apartments verf\u00fcgen \u00fcber eine komplette K\u00fccheninstallation f\u00fcr Ihre Mahlzeiten.<\/p>\n\r\n\r\n<p class=\"mphb-price-wrapper\"><strong>Preis:<\/strong>\r\n<span class=\"mphb-price mphb-price-free\">Kostenlos<\/span>\r\n<\/p><p class=\"more-link\"><a href=\"https:\/\/aktiserifos.gr\/de\/service\/refrig\/\" rel=\"bookmark\" class=\"button\">Weiterlesen<\/a><\/p>\r\n<\/div><\/div>\n","protected":false},"excerpt":{"rendered":"","protected":false},"author":1,"featured_media":0,"parent":0,"menu_order":0,"comment_status":"closed","ping_status":"closed","template":"template-grid-page.php","meta":{"jetpack_post_was_ever_published":false,"footnotes":""},"class_list":["post-119","page","type-page","status-publish","hentry"],"translation":{"provider":"WPGlobus","version":"3.0.1","language":"de","enabled_languages":["en","el","it","fr","de"],"languages":{"en":{"title":true,"content":true,"excerpt":false},"el":{"title":true,"content":false,"excerpt":false},"it":{"title":true,"content":false,"excerpt":false},"fr":{"title":true,"content":false,"excerpt":false},"de":{"title":true,"content":false,"excerpt":false}}},"jetpack_sharing_enabled":true,"jetpack_shortlink":"https:\/\/wp.me\/P9vtgN-1V","jetpack_likes_enabled":true,"_links":{"self":[{"href":"https:\/\/aktiserifos.gr\/de\/wp-json\/wp\/v2\/pages\/119","targetHints":{"allow":["GET"]}}],"collection":[{"href":"https:\/\/aktiserifos.gr\/de\/wp-json\/wp\/v2\/pages"}],"about":[{"href":"https:\/\/aktiserifos.gr\/de\/wp-json\/wp\/v2\/types\/page"}],"author":[{"embeddable":true,"href":"https:\/\/aktiserifos.gr\/de\/wp-json\/wp\/v2\/users\/1"}],"replies":[{"embeddable":true,"href":"https:\/\/aktiserifos.gr\/de\/wp-json\/wp\/v2\/comments?post=119"}],"version-history":[{"count":2,"href":"https:\/\/aktiserifos.gr\/de\/wp-json\/wp\/v2\/pages\/119\/revisions"}],"predecessor-version":[{"id":935,"href":"https:\/\/aktiserifos.gr\/de\/wp-json\/wp\/v2\/pages\/119\/revisions\/935"}],"wp:attachment":[{"href":"https:\/\/aktiserifos.gr\/de\/wp-json\/wp\/v2\/media?parent=119"}],"curies":[{"name":"wp","href":"https:\/\/api.w.org\/{rel}","templated":true}]}}