{"id":133,"date":"2017-06-14T10:57:27","date_gmt":"2017-06-14T10:57:27","guid":{"rendered":"http:\/\/themes.getmotopress.com\/villagio\/?page_id=133"},"modified":"2023-01-28T11:30:29","modified_gmt":"2023-01-28T09:30:29","slug":"location","status":"publish","type":"page","link":"https:\/\/aktiserifos.gr\/de\/activities\/location\/","title":{"rendered":"Standort"},"content":{"rendered":"<p><span style=\"font-weight: 400;\">\u00a0<\/span><\/p>\n<table>\n<tbody>\n<tr>\n<td><span style=\"font-weight: 400;\">Unser Zimmerkomplex &#8222;AKTI SERIFOS&#8220; befindet sich im Zentrum von Livadi, dem zentralen Hafen unserer sch\u00f6nen Insel Serifos.<\/span><\/p>\n<p><span style=\"font-weight: 400;\">Es ist 5 Minuten zu Fu\u00df vom und zum Hafen und befindet sich direkt am Strand. Der Busbahnhof zum Festland und zu den Str\u00e4nden ist nur 20 Meter von unserem Komplex entfernt.<\/span><\/p>\n<p><span style=\"font-weight: 400;\">Livadi ist die erste Siedlung, die Sie besuchen, wenn Sie mit der F\u00e4hre von Pir\u00e4us kommen. Es ist ein wundersch\u00f6ner Ort mit wei\u00dfen kubischen H\u00e4usern, die nach der traditionellen kykladischen Architektur gebaut sind, mit kleinen Booten, die sich in der Mole wiegen. Hier finden Sie Bars und Clubs, die alle Arten von Musik spielen, Caf\u00e9s, Tavernen und Restaurants mit traditionellen Gerichten von unserer Insel, Gesch\u00e4fte mit Souvenirs, Minim\u00e4rkte, B\u00e4ckereien, eine Bank und eine Post.<\/span><\/p>\n<p><span style=\"font-weight: 400;\">Avlomonas, einer der sch\u00f6nsten Str\u00e4nde der Insel, befindet sich in Livadi und ist der einzige organisierte Strand der Insel mit Liegest\u00fchlen und Sonnenschirmen. In Livadi finden Sie auch eine moderne Marina mit allen speziellen Liegepl\u00e4tzen f\u00fcr Ihr Segelboot.<\/span><\/p>\n<p><span style=\"font-weight: 400;\">Unsere freundliche und famili\u00e4re Umgebung garantiert Ihnen einen angenehmen und ruhigen Aufenthalt, der f\u00fcr Ihren Urlaub sehr wichtig ist.<\/span><\/p>\n<p><span style=\"font-weight: 400;\">Distanzbeispiele<\/span><\/p>\n<p><span style=\"font-weight: 400;\">120 m vom Hafen &#8211; 20 m von der Bushaltestelle &#8211; 60 m von der Bank &#8211; 20 m von der Apotheke &#8211; 5 km von Chora (Siedlung der Hauptinsel)<\/span><\/p>\n<p><p class=\"jetpack-slideshow-noscript robots-nocontent\">Diese Diashow ben\u00f6tigt JavaScript.<\/p><div id=\"gallery-133-1-slideshow\" class=\"jetpack-slideshow-window jetpack-slideshow jetpack-slideshow-black\" data-trans=\"fade\" data-autostart=\"1\" data-gallery=\"[{&quot;src&quot;:&quot;https:\\\/\\\/i0.wp.com\\\/aktiserifos.gr\\\/wp-content\\\/uploads\\\/2021\\\/04\\\/167579936_494917478188211_7983226087771582017_n.jpg?fit=540%2C961\\u0026ssl=1&quot;,&quot;id&quot;:&quot;1570&quot;,&quot;title&quot;:&quot;167579936_494917478188211_7983226087771582017_n&quot;,&quot;alt&quot;:&quot;&quot;,&quot;caption&quot;:&quot;&quot;,&quot;itemprop&quot;:&quot;image&quot;},{&quot;src&quot;:&quot;https:\\\/\\\/i0.wp.com\\\/aktiserifos.gr\\\/wp-content\\\/uploads\\\/2018\\\/01\\\/serifos_limani.jpg?fit=1600%2C1063\\u0026ssl=1&quot;,&quot;id&quot;:&quot;332&quot;,&quot;title&quot;:&quot;serifos_limani&quot;,&quot;alt&quot;:&quot;&quot;,&quot;caption&quot;:&quot;&quot;,&quot;itemprop&quot;:&quot;image&quot;},{&quot;src&quot;:&quot;https:\\\/\\\/i0.wp.com\\\/aktiserifos.gr\\\/wp-content\\\/uploads\\\/2018\\\/01\\\/serifos_limani4.jpg?fit=1600%2C1067\\u0026ssl=1&quot;,&quot;id&quot;:&quot;333&quot;,&quot;title&quot;:&quot;SERIFOS&quot;,&quot;alt&quot;:&quot;&quot;,&quot;caption&quot;:&quot;&quot;,&quot;itemprop&quot;:&quot;image&quot;},{&quot;src&quot;:&quot;https:\\\/\\\/i0.wp.com\\\/aktiserifos.gr\\\/wp-content\\\/uploads\\\/2018\\\/01\\\/5977acbc98b84.jpg?fit=3888%2C2592\\u0026ssl=1&quot;,&quot;id&quot;:&quot;330&quot;,&quot;title&quot;:&quot;5977acbc98b84&quot;,&quot;alt&quot;:&quot;&quot;,&quot;caption&quot;:&quot;&quot;,&quot;itemprop&quot;:&quot;image&quot;},{&quot;src&quot;:&quot;https:\\\/\\\/i0.wp.com\\\/aktiserifos.gr\\\/wp-content\\\/uploads\\\/2018\\\/01\\\/27.jpg?fit=800%2C600\\u0026ssl=1&quot;,&quot;id&quot;:&quot;328&quot;,&quot;title&quot;:&quot;27&quot;,&quot;alt&quot;:&quot;&quot;,&quot;caption&quot;:&quot;&quot;,&quot;itemprop&quot;:&quot;image&quot;},{&quot;src&quot;:&quot;https:\\\/\\\/i0.wp.com\\\/aktiserifos.gr\\\/wp-content\\\/uploads\\\/2018\\\/01\\\/28.jpg?fit=800%2C598\\u0026ssl=1&quot;,&quot;id&quot;:&quot;329&quot;,&quot;title&quot;:&quot;28&quot;,&quot;alt&quot;:&quot;&quot;,&quot;caption&quot;:&quot;&quot;,&quot;itemprop&quot;:&quot;image&quot;},{&quot;src&quot;:&quot;https:\\\/\\\/i0.wp.com\\\/aktiserifos.gr\\\/wp-content\\\/uploads\\\/2018\\\/01\\\/big_thumb_View_from_top_of_a_hill__in_Serifos_island.jpg?fit=1920%2C904\\u0026ssl=1&quot;,&quot;id&quot;:&quot;331&quot;,&quot;title&quot;:&quot;big_thumb_View_from_top_of_a_hill__in_Serifos_island&quot;,&quot;alt&quot;:&quot;&quot;,&quot;caption&quot;:&quot;&quot;,&quot;itemprop&quot;:&quot;image&quot;}]\" itemscope itemtype=\"https:\/\/schema.org\/ImageGallery\"><\/div><\/td>\n<\/tr>\n<\/tbody>\n<\/table>\n","protected":false},"excerpt":{"rendered":"<p>\u00a0 Unser Zimmerkomplex &#8222;AKTI SERIFOS&#8220; befindet sich im Zentrum von Livadi, dem zentralen Hafen unserer sch\u00f6nen Insel Serifos. Es ist 5 Minuten zu Fu\u00df vom und zum Hafen und befindet sich direkt am Strand. Der Busbahnhof zum Festland und zu den Str\u00e4nden ist nur 20 Meter von unserem Komplex entfernt. Livadi ist die erste Siedlung, &hellip; <a href=\"https:\/\/aktiserifos.gr\/de\/activities\/location\/\" class=\"more-link\">Weiterlesen <span class=\"screen-reader-text\"> &#8222;Standort&#8220;<\/span><\/a><\/p>\n","protected":false},"author":1,"featured_media":316,"parent":123,"menu_order":0,"comment_status":"closed","ping_status":"closed","template":"","meta":{"jetpack_post_was_ever_published":false,"footnotes":""},"class_list":["post-133","page","type-page","status-publish","has-post-thumbnail","hentry"],"translation":{"provider":"WPGlobus","version":"3.0.1","language":"de","enabled_languages":["en","el","it","fr","de"],"languages":{"en":{"title":true,"content":true,"excerpt":false},"el":{"title":true,"content":true,"excerpt":false},"it":{"title":true,"content":true,"excerpt":false},"fr":{"title":true,"content":true,"excerpt":false},"de":{"title":true,"content":true,"excerpt":false}}},"jetpack_sharing_enabled":true,"jetpack_shortlink":"https:\/\/wp.me\/P9vtgN-29","jetpack_likes_enabled":true,"_links":{"self":[{"href":"https:\/\/aktiserifos.gr\/de\/wp-json\/wp\/v2\/pages\/133","targetHints":{"allow":["GET"]}}],"collection":[{"href":"https:\/\/aktiserifos.gr\/de\/wp-json\/wp\/v2\/pages"}],"about":[{"href":"https:\/\/aktiserifos.gr\/de\/wp-json\/wp\/v2\/types\/page"}],"author":[{"embeddable":true,"href":"https:\/\/aktiserifos.gr\/de\/wp-json\/wp\/v2\/users\/1"}],"replies":[{"embeddable":true,"href":"https:\/\/aktiserifos.gr\/de\/wp-json\/wp\/v2\/comments?post=133"}],"version-history":[{"count":39,"href":"https:\/\/aktiserifos.gr\/de\/wp-json\/wp\/v2\/pages\/133\/revisions"}],"predecessor-version":[{"id":1515,"href":"https:\/\/aktiserifos.gr\/de\/wp-json\/wp\/v2\/pages\/133\/revisions\/1515"}],"up":[{"embeddable":true,"href":"https:\/\/aktiserifos.gr\/de\/wp-json\/wp\/v2\/pages\/123"}],"wp:featuredmedia":[{"embeddable":true,"href":"https:\/\/aktiserifos.gr\/de\/wp-json\/wp\/v2\/media\/316"}],"wp:attachment":[{"href":"https:\/\/aktiserifos.gr\/de\/wp-json\/wp\/v2\/media?parent=133"}],"curies":[{"name":"wp","href":"https:\/\/api.w.org\/{rel}","templated":true}]}}