{"id":4,"date":"2017-06-08T13:43:35","date_gmt":"2017-06-08T13:43:35","guid":{"rendered":"http:\/\/themes.getmotopress.com\/villagio\/accommodations\/"},"modified":"2017-06-08T13:43:35","modified_gmt":"2017-06-08T13:43:35","slug":"villas","status":"publish","type":"page","link":"https:\/\/aktiserifos.gr\/de\/villas\/","title":{"rendered":"Villas"},"content":{"rendered":"<div class=\"mphb_sc_rooms-wrapper mphb-room-types \">\r\n<div class=\"mphb-room-type post-1248 mphb_room_type type-mphb_room_type status-publish has-post-thumbnail mphb_room_type_category-garden-view mphb_room_type_facility-espresso-machine-with-pods mphb_room_type_facility-smart-tv mphb_room_type_facility-heises-wasser mphb_room_type_facility-klimaanlage mphb_room_type_facility-tagliche-reinigung mphb_room_type_facility-flachbildfernseher mphb_room_type_facility-kostenloses-wifi mphb_room_type_facility-gartenveranda mphb_room_type_facility-haartrockner-und-shampoo mphb-room-type-adults-3 mphb-room-type-children-0\">\r\n\r\n\t\r\n\t\r\n\r\n\t<p class=\"post-thumbnail mphb-loop-room-thumbnail\"><span class=\"mphb_room_type_featured_image_wrapper\">\r\n\t<a href=\"https:\/\/aktiserifos.gr\/de\/accommodation\/apartment-no-1\/\">\r\n\t<img loading=\"lazy\" decoding=\"async\" width=\"717\" height=\"540\" src=\"https:\/\/i0.wp.com\/aktiserifos.gr\/wp-content\/uploads\/2019\/05\/image3-scaled.jpeg?resize=717%2C540&amp;ssl=1\" class=\"attachment-villagio-thumb-small size-villagio-thumb-small wp-post-image\" alt=\"\" srcset=\"https:\/\/i0.wp.com\/aktiserifos.gr\/wp-content\/uploads\/2019\/05\/image3-scaled.jpeg?resize=717%2C540&amp;ssl=1 717w, https:\/\/i0.wp.com\/aktiserifos.gr\/wp-content\/uploads\/2019\/05\/image3-scaled.jpeg?zoom=2&amp;resize=717%2C540&amp;ssl=1 1434w\" sizes=\"auto, (max-width: 717px) 100vw, 717px\" data-attachment-id=\"2908\" data-permalink=\"https:\/\/aktiserifos.gr\/de\/accommodation\/apartment-no-1\/image3-20\/\" data-orig-file=\"https:\/\/i0.wp.com\/aktiserifos.gr\/wp-content\/uploads\/2019\/05\/image3-scaled.jpeg?fit=1920%2C2560&amp;ssl=1\" data-orig-size=\"1920,2560\" data-comments-opened=\"0\" data-image-meta=\"{&quot;aperture&quot;:&quot;2.2&quot;,&quot;credit&quot;:&quot;&quot;,&quot;camera&quot;:&quot;iPhone 15 Pro Max&quot;,&quot;caption&quot;:&quot;&quot;,&quot;created_timestamp&quot;:&quot;1776510499&quot;,&quot;copyright&quot;:&quot;&quot;,&quot;focal_length&quot;:&quot;2.2200000286119&quot;,&quot;iso&quot;:&quot;320&quot;,&quot;shutter_speed&quot;:&quot;0.01&quot;,&quot;title&quot;:&quot;&quot;,&quot;orientation&quot;:&quot;1&quot;}\" data-image-title=\"image3\" data-image-description=\"\" data-image-caption=\"\" data-large-file=\"https:\/\/i0.wp.com\/aktiserifos.gr\/wp-content\/uploads\/2019\/05\/image3-scaled.jpeg?fit=768%2C1024&amp;ssl=1\" \/>\t<\/a>\r\n\r\n\t<span class=\"mphb_room_type_categories_header_wrapper\"><a href=\"https:\/\/aktiserifos.gr\/de\/accommodation-category\/garden-view\/\" rel=\"tag\">Veranda mit Blick auf den Garten<\/a><\/span><\/span><!-- .mphb_room_type_featured_image_wrapper --><\/p>\r\n\r\n<h2 class=\"mphb-room-type-title entry-title\">\r\n\r\n<a class=\"mphb-room-type-title\" href=\"https:\/\/aktiserifos.gr\/de\/accommodation\/apartment-no-1\/\">Zimmer No1<\/a>\r\n\r\n<\/h2>\r\n\r\n<p>Das Zimmer Nr. 1 befindet sich im Erdgeschoss. Es verf\u00fcgt \u00fcber 3 Einzelbetten und eine sch\u00f6ne Veranda mit Gartenblick. Es hat keine K\u00fcche und ist ideal f\u00fcr Paare oder Gruppen von Freunden.<\/p>\n\r\n\r\n<h3 class=\"mphb-room-type-details-title\">Details<\/h3><ul class=\"mphb-loop-room-type-attributes\">\r\n\r\n\r\n\r\n\t<li class=\"mphb-room-type-adults-capacity\"><span class=\"mphb-attribute-title mphb-adults-title\">Erwachsene:<\/span><span class=\"mphb-attribute-value\">\r\n\t3\r\n\t<\/span><\/li>\r\n\r\n\r\n\r\n\r\n\t<li class=\"mphb-room-type-facilities\"><span class=\"mphb-attribute-title mphb-facilities-title\">Ausstattungen:<\/span><span class=\"mphb-attribute-value\"> <a href=\"https:\/\/aktiserifos.gr\/de\/accommodation-facility\/espresso-machine-with-pods\/\">Espresso machine with pods<\/a>, <a href=\"https:\/\/aktiserifos.gr\/de\/accommodation-facility\/smart-tv\/\">Smart TV<\/a>, <a href=\"https:\/\/aktiserifos.gr\/de\/accommodation-facility\/heises-wasser\/\">24h hei\u00dfes Wasser<\/a>, <a href=\"https:\/\/aktiserifos.gr\/de\/accommodation-facility\/klimaanlage\/\">Klimaanlage<\/a>, <a href=\"https:\/\/aktiserifos.gr\/de\/accommodation-facility\/tagliche-reinigung\/\">T\u00e4gliche Reinigung<\/a>, <a href=\"https:\/\/aktiserifos.gr\/de\/accommodation-facility\/flachbildfernseher\/\">Flachbildfernseher<\/a>, <a href=\"https:\/\/aktiserifos.gr\/de\/accommodation-facility\/kostenloses-wifi\/\">Kostenloses WiFi<\/a>, <a href=\"https:\/\/aktiserifos.gr\/de\/accommodation-facility\/gartenveranda\/\">Gartenveranda<\/a>, <a href=\"https:\/\/aktiserifos.gr\/de\/accommodation-facility\/haartrockner-und-shampoo\/\">Haartrockner und Shampoo<\/a><\/span><\/li>\r\n\r\n\r\n\r\n\t<li class=\"mphb-room-type-view\"><span class=\"mphb-attribute-title mphb-view-title\">Ansicht:<\/span><span class=\"mphb-attribute-value\">\r\n\tGarden View\r\n\t<\/span><\/li>\r\n\r\n\r\n\r\n\t<li class=\"mphb-room-type-size\"><span class=\"mphb-attribute-title mphb-size-title\">Gr\u00f6\u00dfe:<\/span><span class=\"mphb-attribute-value\">\r\n\t30m\u00b2\r\n\t<\/span><\/li>\r\n\r\n\r\n\t<li class=\"mphb-room-type-bed-type\"><span  class=\"mphb-attribute-title mphb-bed-type-title\">Bettentyp:<\/span><span class=\"mphb-attribute-value\">\r\n\t3 Solo Beds\r\n\t<\/span><\/li>\r\n\r\n\r\n\t<li class=\"mphb-room-type-categories\"><span class=\"mphb-attribute-title mphb-categories-title\">Kategorien:<\/span><span class=\"mphb-attribute-value\"> <a href=\"https:\/\/aktiserifos.gr\/de\/accommodation-category\/garden-view\/\">Veranda mit Blick auf den Garten<\/a><\/span><\/li>\r\n\r\n<\/ul>\r\n<h3 class=\"mphb-room-type-details-title\">Details<\/h3><ul class=\"mphb-loop-room-type-attributes\">\r\n\r\n\r\n\r\n\t<li class=\"mphb-room-type-adults-capacity\"><span class=\"mphb-attribute-title mphb-adults-title\">Erwachsene:<\/span><span class=\"mphb-attribute-value\">\r\n\t3\r\n\t<\/span><\/li>\r\n\r\n\r\n\r\n\r\n\t<li class=\"mphb-room-type-facilities\"><span class=\"mphb-attribute-title mphb-facilities-title\">Ausstattungen:<\/span><span class=\"mphb-attribute-value\"> <a href=\"https:\/\/aktiserifos.gr\/de\/accommodation-facility\/espresso-machine-with-pods\/\">Espresso machine with pods<\/a>, <a href=\"https:\/\/aktiserifos.gr\/de\/accommodation-facility\/smart-tv\/\">Smart TV<\/a>, <a href=\"https:\/\/aktiserifos.gr\/de\/accommodation-facility\/heises-wasser\/\">24h hei\u00dfes Wasser<\/a>, <a href=\"https:\/\/aktiserifos.gr\/de\/accommodation-facility\/klimaanlage\/\">Klimaanlage<\/a>, <a href=\"https:\/\/aktiserifos.gr\/de\/accommodation-facility\/tagliche-reinigung\/\">T\u00e4gliche Reinigung<\/a>, <a href=\"https:\/\/aktiserifos.gr\/de\/accommodation-facility\/flachbildfernseher\/\">Flachbildfernseher<\/a>, <a href=\"https:\/\/aktiserifos.gr\/de\/accommodation-facility\/kostenloses-wifi\/\">Kostenloses WiFi<\/a>, <a href=\"https:\/\/aktiserifos.gr\/de\/accommodation-facility\/gartenveranda\/\">Gartenveranda<\/a>, <a href=\"https:\/\/aktiserifos.gr\/de\/accommodation-facility\/haartrockner-und-shampoo\/\">Haartrockner und Shampoo<\/a><\/span><\/li>\r\n\r\n\r\n\r\n\t<li class=\"mphb-room-type-view\"><span class=\"mphb-attribute-title mphb-view-title\">Ansicht:<\/span><span class=\"mphb-attribute-value\">\r\n\tGarden View\r\n\t<\/span><\/li>\r\n\r\n\r\n\r\n\t<li class=\"mphb-room-type-size\"><span class=\"mphb-attribute-title mphb-size-title\">Gr\u00f6\u00dfe:<\/span><span class=\"mphb-attribute-value\">\r\n\t30m\u00b2\r\n\t<\/span><\/li>\r\n\r\n\r\n\t<li class=\"mphb-room-type-bed-type\"><span  class=\"mphb-attribute-title mphb-bed-type-title\">Bettentyp:<\/span><span class=\"mphb-attribute-value\">\r\n\t3 Solo Beds\r\n\t<\/span><\/li>\r\n\r\n\r\n\t<li class=\"mphb-room-type-categories\"><span class=\"mphb-attribute-title mphb-categories-title\">Kategorien:<\/span><span class=\"mphb-attribute-value\"> <a href=\"https:\/\/aktiserifos.gr\/de\/accommodation-category\/garden-view\/\">Veranda mit Blick auf den Garten<\/a><\/span><\/li>\r\n\r\n<\/ul>\r\n\r\n<p class=\"mphb-view-details-button-wrapper\">\r\n<a class=\"button mphb-view-details-button\" href=\"https:\/\/aktiserifos.gr\/de\/accommodation\/apartment-no-1\/\" >Details ansehen<\/a>\r\n<\/p>\r\n\t\r\n<\/div>\r\n\r\n\r\n<div class=\"mphb-room-type post-44 mphb_room_type type-mphb_room_type status-publish has-post-thumbnail mphb_room_type_category-garden-view mphb_room_type_facility-electric-grill-panini-maker mphb_room_type_facility-espresso-machine-with-pods mphb_room_type_facility-smart-tv mphb_room_type_facility-toaster mphb_room_type_facility-heises-wasser mphb_room_type_facility-klimaanlage mphb_room_type_facility-kaffeemixer mphb_room_type_facility-tagliche-reinigung mphb_room_type_facility-kostenloses-wifi mphb_room_type_facility-gartenveranda mphb_room_type_facility-haartrockner-und-shampoo mphb_room_type_facility-einbaukuche mphb-room-type-adults-3 mphb-room-type-children-0\">\r\n\r\n\t\r\n\t\r\n\r\n\t<p class=\"post-thumbnail mphb-loop-room-thumbnail\"><span class=\"mphb_room_type_featured_image_wrapper\">\r\n\t<a href=\"https:\/\/aktiserifos.gr\/de\/accommodation\/apt3\/\">\r\n\t<img loading=\"lazy\" decoding=\"async\" width=\"480\" height=\"540\" src=\"https:\/\/i0.wp.com\/aktiserifos.gr\/wp-content\/uploads\/2017\/06\/image0-12-rotated.jpeg?resize=480%2C540&amp;ssl=1\" class=\"attachment-villagio-thumb-small size-villagio-thumb-small wp-post-image\" alt=\"\" data-attachment-id=\"2842\" data-permalink=\"https:\/\/aktiserifos.gr\/de\/accommodation\/apt3\/image0-17\/\" data-orig-file=\"https:\/\/i0.wp.com\/aktiserifos.gr\/wp-content\/uploads\/2017\/06\/image0-12-rotated.jpeg?fit=480%2C640&amp;ssl=1\" data-orig-size=\"480,640\" data-comments-opened=\"0\" data-image-meta=\"{&quot;aperture&quot;:&quot;0&quot;,&quot;credit&quot;:&quot;&quot;,&quot;camera&quot;:&quot;&quot;,&quot;caption&quot;:&quot;&quot;,&quot;created_timestamp&quot;:&quot;0&quot;,&quot;copyright&quot;:&quot;&quot;,&quot;focal_length&quot;:&quot;0&quot;,&quot;iso&quot;:&quot;0&quot;,&quot;shutter_speed&quot;:&quot;0&quot;,&quot;title&quot;:&quot;&quot;,&quot;orientation&quot;:&quot;1&quot;}\" data-image-title=\"image0\" data-image-description=\"\" data-image-caption=\"\" data-large-file=\"https:\/\/i0.wp.com\/aktiserifos.gr\/wp-content\/uploads\/2017\/06\/image0-12-rotated.jpeg?fit=480%2C640&amp;ssl=1\" \/>\t<\/a>\r\n\r\n\t<span class=\"mphb_room_type_categories_header_wrapper\"><a href=\"https:\/\/aktiserifos.gr\/de\/accommodation-category\/garden-view\/\" rel=\"tag\">Veranda mit Blick auf den Garten<\/a><\/span><\/span><!-- .mphb_room_type_featured_image_wrapper --><\/p>\r\n\r\n<h2 class=\"mphb-room-type-title entry-title\">\r\n\r\n<a class=\"mphb-room-type-title\" href=\"https:\/\/aktiserifos.gr\/de\/accommodation\/apt3\/\">Studio No 3<\/a>\r\n\r\n<\/h2>\r\n\r\n<p>Wohnung Nr. 3 befindet sich im Erdgeschoss. Es verf\u00fcgt \u00fcber ein Schlafzimmer mit 1 Doppelbett und 1 Einzelbett, Einbauk\u00fcche und ist ideal f\u00fcr Paare oder eine Familie mit einem Kind. Es bietet Gartenblick mit einer Veranda .<\/p>\n\r\n\r\n<h3 class=\"mphb-room-type-details-title\">Details<\/h3><ul class=\"mphb-loop-room-type-attributes\">\r\n\r\n\r\n\r\n\t<li class=\"mphb-room-type-adults-capacity\"><span class=\"mphb-attribute-title mphb-adults-title\">Erwachsene:<\/span><span class=\"mphb-attribute-value\">\r\n\t3\r\n\t<\/span><\/li>\r\n\r\n\r\n\r\n\r\n\t<li class=\"mphb-room-type-facilities\"><span class=\"mphb-attribute-title mphb-facilities-title\">Ausstattungen:<\/span><span class=\"mphb-attribute-value\"> <a href=\"https:\/\/aktiserifos.gr\/de\/accommodation-facility\/electric-grill-panini-maker\/\">Electric grill - Panini maker<\/a>, <a href=\"https:\/\/aktiserifos.gr\/de\/accommodation-facility\/espresso-machine-with-pods\/\">Espresso machine with pods<\/a>, <a href=\"https:\/\/aktiserifos.gr\/de\/accommodation-facility\/smart-tv\/\">Smart TV<\/a>, <a href=\"https:\/\/aktiserifos.gr\/de\/accommodation-facility\/toaster\/\">Toaster<\/a>, <a href=\"https:\/\/aktiserifos.gr\/de\/accommodation-facility\/heises-wasser\/\">24h hei\u00dfes Wasser<\/a>, <a href=\"https:\/\/aktiserifos.gr\/de\/accommodation-facility\/klimaanlage\/\">Klimaanlage<\/a>, <a href=\"https:\/\/aktiserifos.gr\/de\/accommodation-facility\/kaffeemixer\/\">Kaffeemixer und Wasserkocher<\/a>, <a href=\"https:\/\/aktiserifos.gr\/de\/accommodation-facility\/tagliche-reinigung\/\">T\u00e4gliche Reinigung<\/a>, <a href=\"https:\/\/aktiserifos.gr\/de\/accommodation-facility\/kostenloses-wifi\/\">Kostenloses WiFi<\/a>, <a href=\"https:\/\/aktiserifos.gr\/de\/accommodation-facility\/gartenveranda\/\">Gartenveranda<\/a>, <a href=\"https:\/\/aktiserifos.gr\/de\/accommodation-facility\/haartrockner-und-shampoo\/\">Haartrockner und Shampoo<\/a>, <a href=\"https:\/\/aktiserifos.gr\/de\/accommodation-facility\/einbaukuche\/\">Einbauk\u00fcche<\/a><\/span><\/li>\r\n\r\n\r\n\r\n\r\n\r\n\t<li class=\"mphb-room-type-size\"><span class=\"mphb-attribute-title mphb-size-title\">Gr\u00f6\u00dfe:<\/span><span class=\"mphb-attribute-value\">\r\n\t30m\u00b2\r\n\t<\/span><\/li>\r\n\r\n\r\n\t<li class=\"mphb-room-type-bed-type\"><span  class=\"mphb-attribute-title mphb-bed-type-title\">Bettentyp:<\/span><span class=\"mphb-attribute-value\">\r\n\t1 Double Bed, 1 Solo Bed.\r\n\t<\/span><\/li>\r\n\r\n\r\n\t<li class=\"mphb-room-type-categories\"><span class=\"mphb-attribute-title mphb-categories-title\">Kategorien:<\/span><span class=\"mphb-attribute-value\"> <a href=\"https:\/\/aktiserifos.gr\/de\/accommodation-category\/garden-view\/\">Veranda mit Blick auf den Garten<\/a><\/span><\/li>\r\n\r\n<\/ul>\r\n<h3 class=\"mphb-room-type-details-title\">Details<\/h3><ul class=\"mphb-loop-room-type-attributes\">\r\n\r\n\r\n\r\n\t<li class=\"mphb-room-type-adults-capacity\"><span class=\"mphb-attribute-title mphb-adults-title\">Erwachsene:<\/span><span class=\"mphb-attribute-value\">\r\n\t3\r\n\t<\/span><\/li>\r\n\r\n\r\n\r\n\r\n\t<li class=\"mphb-room-type-facilities\"><span class=\"mphb-attribute-title mphb-facilities-title\">Ausstattungen:<\/span><span class=\"mphb-attribute-value\"> <a href=\"https:\/\/aktiserifos.gr\/de\/accommodation-facility\/electric-grill-panini-maker\/\">Electric grill - Panini maker<\/a>, <a href=\"https:\/\/aktiserifos.gr\/de\/accommodation-facility\/espresso-machine-with-pods\/\">Espresso machine with pods<\/a>, <a href=\"https:\/\/aktiserifos.gr\/de\/accommodation-facility\/smart-tv\/\">Smart TV<\/a>, <a href=\"https:\/\/aktiserifos.gr\/de\/accommodation-facility\/toaster\/\">Toaster<\/a>, <a href=\"https:\/\/aktiserifos.gr\/de\/accommodation-facility\/heises-wasser\/\">24h hei\u00dfes Wasser<\/a>, <a href=\"https:\/\/aktiserifos.gr\/de\/accommodation-facility\/klimaanlage\/\">Klimaanlage<\/a>, <a href=\"https:\/\/aktiserifos.gr\/de\/accommodation-facility\/kaffeemixer\/\">Kaffeemixer und Wasserkocher<\/a>, <a href=\"https:\/\/aktiserifos.gr\/de\/accommodation-facility\/tagliche-reinigung\/\">T\u00e4gliche Reinigung<\/a>, <a href=\"https:\/\/aktiserifos.gr\/de\/accommodation-facility\/kostenloses-wifi\/\">Kostenloses WiFi<\/a>, <a href=\"https:\/\/aktiserifos.gr\/de\/accommodation-facility\/gartenveranda\/\">Gartenveranda<\/a>, <a href=\"https:\/\/aktiserifos.gr\/de\/accommodation-facility\/haartrockner-und-shampoo\/\">Haartrockner und Shampoo<\/a>, <a href=\"https:\/\/aktiserifos.gr\/de\/accommodation-facility\/einbaukuche\/\">Einbauk\u00fcche<\/a><\/span><\/li>\r\n\r\n\r\n\r\n\r\n\r\n\t<li class=\"mphb-room-type-size\"><span class=\"mphb-attribute-title mphb-size-title\">Gr\u00f6\u00dfe:<\/span><span class=\"mphb-attribute-value\">\r\n\t30m\u00b2\r\n\t<\/span><\/li>\r\n\r\n\r\n\t<li class=\"mphb-room-type-bed-type\"><span  class=\"mphb-attribute-title mphb-bed-type-title\">Bettentyp:<\/span><span class=\"mphb-attribute-value\">\r\n\t1 Double Bed, 1 Solo Bed.\r\n\t<\/span><\/li>\r\n\r\n\r\n\t<li class=\"mphb-room-type-categories\"><span class=\"mphb-attribute-title mphb-categories-title\">Kategorien:<\/span><span class=\"mphb-attribute-value\"> <a href=\"https:\/\/aktiserifos.gr\/de\/accommodation-category\/garden-view\/\">Veranda mit Blick auf den Garten<\/a><\/span><\/li>\r\n\r\n<\/ul>\r\n\r\n<p class=\"mphb-view-details-button-wrapper\">\r\n<a class=\"button mphb-view-details-button\" href=\"https:\/\/aktiserifos.gr\/de\/accommodation\/apt3\/\" >Details ansehen<\/a>\r\n<\/p>\r\n\t\r\n<\/div>\r\n\r\n\r\n<div class=\"mphb-room-type post-42 mphb_room_type type-mphb_room_type status-publish has-post-thumbnail mphb_room_type_category-garden-view mphb_room_type_facility-electric-grill-panini-maker mphb_room_type_facility-espresso-machine-with-pods mphb_room_type_facility-smart-tv mphb_room_type_facility-toaster mphb_room_type_facility-heises-wasser mphb_room_type_facility-klimaanlage mphb_room_type_facility-kaffeemixer mphb_room_type_facility-tagliche-reinigung mphb_room_type_facility-doublebed mphb_room_type_facility-kostenloses-wifi mphb_room_type_facility-gartenveranda mphb_room_type_facility-haartrockner-und-shampoo mphb_room_type_facility-einbaukuche mphb-room-type-adults-4 mphb-room-type-children-0\">\r\n\r\n\t\r\n\t\r\n\r\n\t<p class=\"post-thumbnail mphb-loop-room-thumbnail\"><span class=\"mphb_room_type_featured_image_wrapper\">\r\n\t<a href=\"https:\/\/aktiserifos.gr\/de\/accommodation\/apt4\/\">\r\n\t<img loading=\"lazy\" decoding=\"async\" width=\"480\" height=\"540\" src=\"https:\/\/i0.wp.com\/aktiserifos.gr\/wp-content\/uploads\/2017\/06\/image11-1-rotated.jpeg?resize=480%2C540&amp;ssl=1\" class=\"attachment-villagio-thumb-small size-villagio-thumb-small wp-post-image\" alt=\"\" data-attachment-id=\"2863\" data-permalink=\"https:\/\/aktiserifos.gr\/de\/accommodation\/apt4\/image11-2\/\" data-orig-file=\"https:\/\/i0.wp.com\/aktiserifos.gr\/wp-content\/uploads\/2017\/06\/image11-1-rotated.jpeg?fit=480%2C640&amp;ssl=1\" data-orig-size=\"480,640\" data-comments-opened=\"0\" data-image-meta=\"{&quot;aperture&quot;:&quot;0&quot;,&quot;credit&quot;:&quot;&quot;,&quot;camera&quot;:&quot;&quot;,&quot;caption&quot;:&quot;&quot;,&quot;created_timestamp&quot;:&quot;0&quot;,&quot;copyright&quot;:&quot;&quot;,&quot;focal_length&quot;:&quot;0&quot;,&quot;iso&quot;:&quot;0&quot;,&quot;shutter_speed&quot;:&quot;0&quot;,&quot;title&quot;:&quot;&quot;,&quot;orientation&quot;:&quot;1&quot;}\" data-image-title=\"image11\" data-image-description=\"\" data-image-caption=\"\" data-large-file=\"https:\/\/i0.wp.com\/aktiserifos.gr\/wp-content\/uploads\/2017\/06\/image11-1-rotated.jpeg?fit=480%2C640&amp;ssl=1\" \/>\t<\/a>\r\n\r\n\t<span class=\"mphb_room_type_categories_header_wrapper\"><a href=\"https:\/\/aktiserifos.gr\/de\/accommodation-category\/garden-view\/\" rel=\"tag\">Veranda mit Blick auf den Garten<\/a><\/span><\/span><!-- .mphb_room_type_featured_image_wrapper --><\/p>\r\n\r\n<h2 class=\"mphb-room-type-title entry-title\">\r\n\r\n<a class=\"mphb-room-type-title\" href=\"https:\/\/aktiserifos.gr\/de\/accommodation\/apt4\/\">Wohnung Nr. 4<\/a>\r\n\r\n<\/h2>\r\n\r\n<p>Apartment Nr. 4 befindet sich im Erdgeschoss. Es verf\u00fcgt \u00fcber zwei separate Schlafzimmer mit jeweils eigener Klimaanlage und Fernseher, eine K\u00fcche sowie insgesamt zwei Schlafzimmer mit einem Doppelbett und zwei Einzelbetten. Es hat eine Veranda mit Blick auf unseren Garten und ist ideal f\u00fcr 4 Erwachsene oder eine Familie mit 2 Kindern.<\/p>\n\r\n\r\n<h3 class=\"mphb-room-type-details-title\">Details<\/h3><ul class=\"mphb-loop-room-type-attributes\">\r\n\r\n\r\n\r\n\t<li class=\"mphb-room-type-adults-capacity\"><span class=\"mphb-attribute-title mphb-adults-title\">Erwachsene:<\/span><span class=\"mphb-attribute-value\">\r\n\t4\r\n\t<\/span><\/li>\r\n\r\n\r\n\r\n\r\n\t<li class=\"mphb-room-type-facilities\"><span class=\"mphb-attribute-title mphb-facilities-title\">Ausstattungen:<\/span><span class=\"mphb-attribute-value\"> <a href=\"https:\/\/aktiserifos.gr\/de\/accommodation-facility\/electric-grill-panini-maker\/\">Electric grill - Panini maker<\/a>, <a href=\"https:\/\/aktiserifos.gr\/de\/accommodation-facility\/espresso-machine-with-pods\/\">Espresso machine with pods<\/a>, <a href=\"https:\/\/aktiserifos.gr\/de\/accommodation-facility\/smart-tv\/\">Smart TV<\/a>, <a href=\"https:\/\/aktiserifos.gr\/de\/accommodation-facility\/toaster\/\">Toaster<\/a>, <a href=\"https:\/\/aktiserifos.gr\/de\/accommodation-facility\/heises-wasser\/\">24h hei\u00dfes Wasser<\/a>, <a href=\"https:\/\/aktiserifos.gr\/de\/accommodation-facility\/klimaanlage\/\">Klimaanlage<\/a>, <a href=\"https:\/\/aktiserifos.gr\/de\/accommodation-facility\/kaffeemixer\/\">Kaffeemixer und Wasserkocher<\/a>, <a href=\"https:\/\/aktiserifos.gr\/de\/accommodation-facility\/tagliche-reinigung\/\">T\u00e4gliche Reinigung<\/a>, <a href=\"https:\/\/aktiserifos.gr\/de\/accommodation-facility\/doublebed\/\">Doppelbett <\/a>, <a href=\"https:\/\/aktiserifos.gr\/de\/accommodation-facility\/kostenloses-wifi\/\">Kostenloses WiFi<\/a>, <a href=\"https:\/\/aktiserifos.gr\/de\/accommodation-facility\/gartenveranda\/\">Gartenveranda<\/a>, <a href=\"https:\/\/aktiserifos.gr\/de\/accommodation-facility\/haartrockner-und-shampoo\/\">Haartrockner und Shampoo<\/a>, <a href=\"https:\/\/aktiserifos.gr\/de\/accommodation-facility\/einbaukuche\/\">Einbauk\u00fcche<\/a><\/span><\/li>\r\n\r\n\r\n\r\n\r\n\r\n\t<li class=\"mphb-room-type-size\"><span class=\"mphb-attribute-title mphb-size-title\">Gr\u00f6\u00dfe:<\/span><span class=\"mphb-attribute-value\">\r\n\t45m\u00b2\r\n\t<\/span><\/li>\r\n\r\n\r\n\t<li class=\"mphb-room-type-bed-type\"><span  class=\"mphb-attribute-title mphb-bed-type-title\">Bettentyp:<\/span><span class=\"mphb-attribute-value\">\r\n\ttwo double beds and two solo beds\r\n\t<\/span><\/li>\r\n\r\n\r\n\t<li class=\"mphb-room-type-categories\"><span class=\"mphb-attribute-title mphb-categories-title\">Kategorien:<\/span><span class=\"mphb-attribute-value\"> <a href=\"https:\/\/aktiserifos.gr\/de\/accommodation-category\/garden-view\/\">Veranda mit Blick auf den Garten<\/a><\/span><\/li>\r\n\r\n<\/ul>\r\n<h3 class=\"mphb-room-type-details-title\">Details<\/h3><ul class=\"mphb-loop-room-type-attributes\">\r\n\r\n\r\n\r\n\t<li class=\"mphb-room-type-adults-capacity\"><span class=\"mphb-attribute-title mphb-adults-title\">Erwachsene:<\/span><span class=\"mphb-attribute-value\">\r\n\t4\r\n\t<\/span><\/li>\r\n\r\n\r\n\r\n\r\n\t<li class=\"mphb-room-type-facilities\"><span class=\"mphb-attribute-title mphb-facilities-title\">Ausstattungen:<\/span><span class=\"mphb-attribute-value\"> <a href=\"https:\/\/aktiserifos.gr\/de\/accommodation-facility\/electric-grill-panini-maker\/\">Electric grill - Panini maker<\/a>, <a href=\"https:\/\/aktiserifos.gr\/de\/accommodation-facility\/espresso-machine-with-pods\/\">Espresso machine with pods<\/a>, <a href=\"https:\/\/aktiserifos.gr\/de\/accommodation-facility\/smart-tv\/\">Smart TV<\/a>, <a href=\"https:\/\/aktiserifos.gr\/de\/accommodation-facility\/toaster\/\">Toaster<\/a>, <a href=\"https:\/\/aktiserifos.gr\/de\/accommodation-facility\/heises-wasser\/\">24h hei\u00dfes Wasser<\/a>, <a href=\"https:\/\/aktiserifos.gr\/de\/accommodation-facility\/klimaanlage\/\">Klimaanlage<\/a>, <a href=\"https:\/\/aktiserifos.gr\/de\/accommodation-facility\/kaffeemixer\/\">Kaffeemixer und Wasserkocher<\/a>, <a href=\"https:\/\/aktiserifos.gr\/de\/accommodation-facility\/tagliche-reinigung\/\">T\u00e4gliche Reinigung<\/a>, <a href=\"https:\/\/aktiserifos.gr\/de\/accommodation-facility\/doublebed\/\">Doppelbett <\/a>, <a href=\"https:\/\/aktiserifos.gr\/de\/accommodation-facility\/kostenloses-wifi\/\">Kostenloses WiFi<\/a>, <a href=\"https:\/\/aktiserifos.gr\/de\/accommodation-facility\/gartenveranda\/\">Gartenveranda<\/a>, <a href=\"https:\/\/aktiserifos.gr\/de\/accommodation-facility\/haartrockner-und-shampoo\/\">Haartrockner und Shampoo<\/a>, <a href=\"https:\/\/aktiserifos.gr\/de\/accommodation-facility\/einbaukuche\/\">Einbauk\u00fcche<\/a><\/span><\/li>\r\n\r\n\r\n\r\n\r\n\r\n\t<li class=\"mphb-room-type-size\"><span class=\"mphb-attribute-title mphb-size-title\">Gr\u00f6\u00dfe:<\/span><span class=\"mphb-attribute-value\">\r\n\t45m\u00b2\r\n\t<\/span><\/li>\r\n\r\n\r\n\t<li class=\"mphb-room-type-bed-type\"><span  class=\"mphb-attribute-title mphb-bed-type-title\">Bettentyp:<\/span><span class=\"mphb-attribute-value\">\r\n\ttwo double beds and two solo beds\r\n\t<\/span><\/li>\r\n\r\n\r\n\t<li class=\"mphb-room-type-categories\"><span class=\"mphb-attribute-title mphb-categories-title\">Kategorien:<\/span><span class=\"mphb-attribute-value\"> <a href=\"https:\/\/aktiserifos.gr\/de\/accommodation-category\/garden-view\/\">Veranda mit Blick auf den Garten<\/a><\/span><\/li>\r\n\r\n<\/ul>\r\n\r\n<p class=\"mphb-view-details-button-wrapper\">\r\n<a class=\"button mphb-view-details-button\" href=\"https:\/\/aktiserifos.gr\/de\/accommodation\/apt4\/\" >Details ansehen<\/a>\r\n<\/p>\r\n\t\r\n<\/div>\r\n\r\n\r\n\t\t\t<nav class=\"navigation mphb-pagination pagination\" role=\"navigation\">\r\n\t\t\t\t<h2 class=\"screen-reader-text\">Paginierung von Unterkunft<\/h2>\r\n\t\t\t\t<div class=\"nav-links\"><span aria-current=\"page\" class=\"page-numbers current\">1<\/span>\n<a class=\"page-numbers\" href=\"https:\/\/aktiserifos.gr\/de\/wp-json\/wp\/v2\/pages\/4\/page\/2\/\">2<\/a>\n<a class=\"page-numbers\" href=\"https:\/\/aktiserifos.gr\/de\/wp-json\/wp\/v2\/pages\/4\/page\/3\/\">3<\/a>\n<a class=\"next page-numbers\" href=\"https:\/\/aktiserifos.gr\/de\/wp-json\/wp\/v2\/pages\/4\/page\/2\/\">Weiter &raquo;<\/a><\/div>\r\n\t\t\t<\/nav><\/div>\n","protected":false},"excerpt":{"rendered":"","protected":false},"author":1,"featured_media":0,"parent":0,"menu_order":0,"comment_status":"closed","ping_status":"closed","template":"","meta":{"jetpack_post_was_ever_published":false,"footnotes":""},"class_list":["post-4","page","type-page","status-publish","hentry"],"translation":{"provider":"WPGlobus","version":"3.0.2","language":"de","enabled_languages":["en","el","it","fr","de"],"languages":{"en":{"title":true,"content":true,"excerpt":false},"el":{"title":false,"content":false,"excerpt":false},"it":{"title":false,"content":false,"excerpt":false},"fr":{"title":false,"content":false,"excerpt":false},"de":{"title":false,"content":false,"excerpt":false}}},"jetpack_sharing_enabled":true,"jetpack_shortlink":"https:\/\/wp.me\/P9vtgN-4","jetpack_likes_enabled":true,"_links":{"self":[{"href":"https:\/\/aktiserifos.gr\/de\/wp-json\/wp\/v2\/pages\/4","targetHints":{"allow":["GET"]}}],"collection":[{"href":"https:\/\/aktiserifos.gr\/de\/wp-json\/wp\/v2\/pages"}],"about":[{"href":"https:\/\/aktiserifos.gr\/de\/wp-json\/wp\/v2\/types\/page"}],"author":[{"embeddable":true,"href":"https:\/\/aktiserifos.gr\/de\/wp-json\/wp\/v2\/users\/1"}],"replies":[{"embeddable":true,"href":"https:\/\/aktiserifos.gr\/de\/wp-json\/wp\/v2\/comments?post=4"}],"version-history":[{"count":0,"href":"https:\/\/aktiserifos.gr\/de\/wp-json\/wp\/v2\/pages\/4\/revisions"}],"wp:attachment":[{"href":"https:\/\/aktiserifos.gr\/de\/wp-json\/wp\/v2\/media?parent=4"}],"curies":[{"name":"wp","href":"https:\/\/api.w.org\/{rel}","templated":true}]}}