{"id":119,"date":"2017-06-14T09:22:20","date_gmt":"2017-06-14T09:22:20","guid":{"rendered":"http:\/\/themes.getmotopress.com\/villagio\/?page_id=119"},"modified":"2018-04-07T09:53:38","modified_gmt":"2018-04-07T07:53:38","slug":"services","status":"publish","type":"page","link":"https:\/\/aktiserifos.gr\/fr\/services\/","title":{"rendered":"Services fournis"},"content":{"rendered":"<div class=\"mphb_sc_services-wrapper \"><div class=\"mphb-service post-76 mphb_room_service type-mphb_room_service status-publish has-post-thumbnail mphb-service-free mphb-service-pay-per-night\">\r\n\r\n\t\r\n\r\n\t<p class=\"mphb-loop-service-thumbnail\">\r\n\t<img loading=\"lazy\" decoding=\"async\" width=\"717\" height=\"540\" src=\"https:\/\/i0.wp.com\/aktiserifos.gr\/wp-content\/uploads\/2017\/06\/27536797_10213418047298075_896548862_o-2.jpg?resize=717%2C540&amp;ssl=1\" class=\"attachment-villagio-thumb-small size-villagio-thumb-small wp-post-image\" alt=\"\" srcset=\"https:\/\/i0.wp.com\/aktiserifos.gr\/wp-content\/uploads\/2017\/06\/27536797_10213418047298075_896548862_o-2.jpg?resize=300%2C225&amp;ssl=1 300w, https:\/\/i0.wp.com\/aktiserifos.gr\/wp-content\/uploads\/2017\/06\/27536797_10213418047298075_896548862_o-2.jpg?resize=717%2C540&amp;ssl=1 717w, https:\/\/i0.wp.com\/aktiserifos.gr\/wp-content\/uploads\/2017\/06\/27536797_10213418047298075_896548862_o-2.jpg?zoom=2&amp;resize=717%2C540&amp;ssl=1 1434w\" sizes=\"auto, (max-width: 717px) 100vw, 717px\" data-attachment-id=\"2037\" data-permalink=\"https:\/\/aktiserifos.gr\/fr\/service\/seaside\/27536797_10213418047298075_896548862_o-3\/\" data-orig-file=\"https:\/\/i0.wp.com\/aktiserifos.gr\/wp-content\/uploads\/2017\/06\/27536797_10213418047298075_896548862_o-2.jpg?fit=1600%2C1200&amp;ssl=1\" data-orig-size=\"1600,1200\" data-comments-opened=\"0\" data-image-meta=\"{&quot;aperture&quot;:&quot;0&quot;,&quot;credit&quot;:&quot;&quot;,&quot;camera&quot;:&quot;&quot;,&quot;caption&quot;:&quot;&quot;,&quot;created_timestamp&quot;:&quot;0&quot;,&quot;copyright&quot;:&quot;&quot;,&quot;focal_length&quot;:&quot;0&quot;,&quot;iso&quot;:&quot;0&quot;,&quot;shutter_speed&quot;:&quot;0&quot;,&quot;title&quot;:&quot;&quot;,&quot;orientation&quot;:&quot;0&quot;}\" data-image-title=\"27536797_10213418047298075_896548862_o\" data-image-description=\"\" data-image-caption=\"\" data-medium-file=\"https:\/\/i0.wp.com\/aktiserifos.gr\/wp-content\/uploads\/2017\/06\/27536797_10213418047298075_896548862_o-2.jpg?fit=300%2C225&amp;ssl=1\" data-large-file=\"https:\/\/i0.wp.com\/aktiserifos.gr\/wp-content\/uploads\/2017\/06\/27536797_10213418047298075_896548862_o-2.jpg?fit=886%2C665&amp;ssl=1\" \/>\r\n\t<\/p>\r\n\r\n\r\n\r\n<h2 class=\"mphb-service-title\">\r\n<a href=\"https:\/\/aktiserifos.gr\/fr\/service\/seaside\/\">Vue sur la mer ou le jardin<\/a>\r\n<\/h2>\r\n\r\n<p>Chacune de nos chambres a une vue magique unique. Vous pouvez choisir le bleu profond de la mer \u00c9g\u00e9e, la vue apaisante de notre jardin ou la vue pittoresque de notre village des Cyclades.<\/p>\n\r\n\r\n<p class=\"mphb-price-wrapper\"><strong>Prix :<\/strong>\r\n<span class=\"mphb-price mphb-price-free\">Gratuit<\/span>\r\n<\/p><p class=\"more-link\"><a href=\"https:\/\/aktiserifos.gr\/fr\/service\/seaside\/\" rel=\"bookmark\" class=\"button\">Read more<\/a><\/p>\r\n<\/div><div class=\"mphb-service post-77 mphb_room_service type-mphb_room_service status-publish has-post-thumbnail mphb-service-free mphb-service-pay-per-night\">\r\n\r\n\t\r\n\r\n\t<p class=\"mphb-loop-service-thumbnail\">\r\n\t<img loading=\"lazy\" decoding=\"async\" width=\"717\" height=\"540\" src=\"https:\/\/i0.wp.com\/aktiserifos.gr\/wp-content\/uploads\/2017\/06\/450-4.jpg?resize=717%2C540&amp;ssl=1\" class=\"attachment-villagio-thumb-small size-villagio-thumb-small wp-post-image\" alt=\"\" srcset=\"https:\/\/i0.wp.com\/aktiserifos.gr\/wp-content\/uploads\/2017\/06\/450-4.jpg?resize=300%2C225&amp;ssl=1 300w, https:\/\/i0.wp.com\/aktiserifos.gr\/wp-content\/uploads\/2017\/06\/450-4.jpg?resize=717%2C540&amp;ssl=1 717w, https:\/\/i0.wp.com\/aktiserifos.gr\/wp-content\/uploads\/2017\/06\/450-4.jpg?zoom=2&amp;resize=717%2C540&amp;ssl=1 1434w\" sizes=\"auto, (max-width: 717px) 100vw, 717px\" data-attachment-id=\"743\" data-permalink=\"https:\/\/aktiserifos.gr\/fr\/service\/tvwifi\/450-6\/\" data-orig-file=\"https:\/\/i0.wp.com\/aktiserifos.gr\/wp-content\/uploads\/2017\/06\/450-4.jpg?fit=1600%2C1200&amp;ssl=1\" data-orig-size=\"1600,1200\" data-comments-opened=\"0\" data-image-meta=\"{&quot;aperture&quot;:&quot;0&quot;,&quot;credit&quot;:&quot;&quot;,&quot;camera&quot;:&quot;&quot;,&quot;caption&quot;:&quot;&quot;,&quot;created_timestamp&quot;:&quot;0&quot;,&quot;copyright&quot;:&quot;&quot;,&quot;focal_length&quot;:&quot;0&quot;,&quot;iso&quot;:&quot;0&quot;,&quot;shutter_speed&quot;:&quot;0&quot;,&quot;title&quot;:&quot;&quot;,&quot;orientation&quot;:&quot;0&quot;}\" data-image-title=\"450\" data-image-description=\"\" data-image-caption=\"\" data-medium-file=\"https:\/\/i0.wp.com\/aktiserifos.gr\/wp-content\/uploads\/2017\/06\/450-4.jpg?fit=300%2C225&amp;ssl=1\" data-large-file=\"https:\/\/i0.wp.com\/aktiserifos.gr\/wp-content\/uploads\/2017\/06\/450-4.jpg?fit=886%2C665&amp;ssl=1\" \/>\r\n\t<\/p>\r\n\r\n\r\n\r\n<h2 class=\"mphb-service-title\">\r\n<a href=\"https:\/\/aktiserifos.gr\/fr\/service\/tvwifi\/\">T\u00e9l\u00e9vision et Wi-Fi gratuit<\/a>\r\n<\/h2>\r\n\r\n<p>Toutes nos chambres ont un acc\u00e8s Internet gratuit gr\u00e2ce \u00e0 notre r\u00e9seau wi-fi. Les chambres sont \u00e9quip\u00e9es d&rsquo;une t\u00e9l\u00e9vision \u00e0 \u00e9cran plat.<\/p>\n\r\n\r\n<p class=\"mphb-price-wrapper\"><strong>Prix :<\/strong>\r\n<span class=\"mphb-price mphb-price-free\">Gratuit<\/span>\r\n<\/p><p class=\"more-link\"><a href=\"https:\/\/aktiserifos.gr\/fr\/service\/tvwifi\/\" rel=\"bookmark\" class=\"button\">Read more<\/a><\/p>\r\n<\/div><div class=\"mphb-service post-78 mphb_room_service type-mphb_room_service status-publish has-post-thumbnail mphb-service-free\">\r\n\r\n\t\r\n\r\n\t<p class=\"mphb-loop-service-thumbnail\">\r\n\t<img loading=\"lazy\" decoding=\"async\" width=\"717\" height=\"540\" src=\"https:\/\/i0.wp.com\/aktiserifos.gr\/wp-content\/uploads\/2017\/06\/IMG_1221.jpg?resize=717%2C540&amp;ssl=1\" class=\"attachment-villagio-thumb-small size-villagio-thumb-small wp-post-image\" alt=\"\" data-attachment-id=\"2039\" data-permalink=\"https:\/\/aktiserifos.gr\/fr\/service\/cleaning\/img_1221-2\/\" data-orig-file=\"https:\/\/i0.wp.com\/aktiserifos.gr\/wp-content\/uploads\/2017\/06\/IMG_1221.jpg?fit=1067%2C1601&amp;ssl=1\" data-orig-size=\"1067,1601\" data-comments-opened=\"0\" data-image-meta=\"{&quot;aperture&quot;:&quot;0&quot;,&quot;credit&quot;:&quot;&quot;,&quot;camera&quot;:&quot;&quot;,&quot;caption&quot;:&quot;&quot;,&quot;created_timestamp&quot;:&quot;1660680615&quot;,&quot;copyright&quot;:&quot;&quot;,&quot;focal_length&quot;:&quot;0&quot;,&quot;iso&quot;:&quot;0&quot;,&quot;shutter_speed&quot;:&quot;0&quot;,&quot;title&quot;:&quot;&quot;,&quot;orientation&quot;:&quot;1&quot;}\" data-image-title=\"IMG_1221\" data-image-description=\"\" data-image-caption=\"\" data-medium-file=\"https:\/\/i0.wp.com\/aktiserifos.gr\/wp-content\/uploads\/2017\/06\/IMG_1221.jpg?fit=200%2C300&amp;ssl=1\" data-large-file=\"https:\/\/i0.wp.com\/aktiserifos.gr\/wp-content\/uploads\/2017\/06\/IMG_1221.jpg?fit=682%2C1024&amp;ssl=1\" \/>\r\n\t<\/p>\r\n\r\n\r\n\r\n<h2 class=\"mphb-service-title\">\r\n<a href=\"https:\/\/aktiserifos.gr\/fr\/service\/cleaning\/\">Service de nettoyage quotidien<\/a>\r\n<\/h2>\r\n\r\n<p>Service de nettoyage quotidien, y compris les serviettes et les draps. Le service de nettoyage professionnel est essentiel pour votre s\u00e9jour dans nos chambres. Vous trouverez \u00e9galement tout l&rsquo;\u00e9quipement dont vous pourriez avoir besoin dans la cuisine et la salle de bain (certaines chambres peuvent ne pas inclure l&rsquo;installation de la cuisine).<\/p>\n\r\n\r\n<p class=\"mphb-price-wrapper\"><strong>Prix :<\/strong>\r\n<span class=\"mphb-price mphb-price-free\">Gratuit<\/span>\r\n<\/p><p class=\"more-link\"><a href=\"https:\/\/aktiserifos.gr\/fr\/service\/cleaning\/\" rel=\"bookmark\" class=\"button\">Read more<\/a><\/p>\r\n<\/div><div class=\"mphb-service post-79 mphb_room_service type-mphb_room_service status-publish has-post-thumbnail mphb-service-free mphb-service-pay-per-adult mphb-service-pay-per-night\">\r\n\r\n\t\r\n\r\n\t<p class=\"mphb-loop-service-thumbnail\">\r\n\t<img loading=\"lazy\" decoding=\"async\" width=\"717\" height=\"540\" src=\"https:\/\/i0.wp.com\/aktiserifos.gr\/wp-content\/uploads\/2017\/06\/IMG_0882-scaled.jpg?resize=717%2C540&amp;ssl=1\" class=\"attachment-villagio-thumb-small size-villagio-thumb-small wp-post-image\" alt=\"\" srcset=\"https:\/\/i0.wp.com\/aktiserifos.gr\/wp-content\/uploads\/2017\/06\/IMG_0882-scaled.jpg?resize=717%2C540&amp;ssl=1 717w, https:\/\/i0.wp.com\/aktiserifos.gr\/wp-content\/uploads\/2017\/06\/IMG_0882-scaled.jpg?zoom=2&amp;resize=717%2C540&amp;ssl=1 1434w\" sizes=\"auto, (max-width: 717px) 100vw, 717px\" data-attachment-id=\"2040\" data-permalink=\"https:\/\/aktiserifos.gr\/fr\/service\/hotwater\/img_0882\/\" data-orig-file=\"https:\/\/i0.wp.com\/aktiserifos.gr\/wp-content\/uploads\/2017\/06\/IMG_0882-scaled.jpg?fit=1920%2C2560&amp;ssl=1\" data-orig-size=\"1920,2560\" data-comments-opened=\"0\" data-image-meta=\"{&quot;aperture&quot;:&quot;1.8&quot;,&quot;credit&quot;:&quot;&quot;,&quot;camera&quot;:&quot;iPhone 7&quot;,&quot;caption&quot;:&quot;&quot;,&quot;created_timestamp&quot;:&quot;1537527983&quot;,&quot;copyright&quot;:&quot;&quot;,&quot;focal_length&quot;:&quot;3.99&quot;,&quot;iso&quot;:&quot;40&quot;,&quot;shutter_speed&quot;:&quot;0.05&quot;,&quot;title&quot;:&quot;&quot;,&quot;orientation&quot;:&quot;1&quot;}\" data-image-title=\"IMG_0882\" data-image-description=\"\" data-image-caption=\"\" data-medium-file=\"https:\/\/i0.wp.com\/aktiserifos.gr\/wp-content\/uploads\/2017\/06\/IMG_0882-scaled.jpg?fit=225%2C300&amp;ssl=1\" data-large-file=\"https:\/\/i0.wp.com\/aktiserifos.gr\/wp-content\/uploads\/2017\/06\/IMG_0882-scaled.jpg?fit=768%2C1024&amp;ssl=1\" \/>\r\n\t<\/p>\r\n\r\n\r\n\r\n<h2 class=\"mphb-service-title\">\r\n<a href=\"https:\/\/aktiserifos.gr\/fr\/service\/hotwater\/\">Eau chaude<\/a>\r\n<\/h2>\r\n\r\n<p>Toutes nos chambres ont des douches individuelles ou des baignoires avec de l&rsquo;eau chaude disponible 24h.<\/p>\n\r\n\r\n<p class=\"mphb-price-wrapper\"><strong>Prix :<\/strong>\r\n<span class=\"mphb-price mphb-price-free\">Gratuit<\/span>\r\n<\/p><p class=\"more-link\"><a href=\"https:\/\/aktiserifos.gr\/fr\/service\/hotwater\/\" rel=\"bookmark\" class=\"button\">Read more<\/a><\/p>\r\n<\/div><div class=\"mphb-service post-81 mphb_room_service type-mphb_room_service status-publish has-post-thumbnail mphb-service-free mphb-service-pay-per-night\">\r\n\r\n\t\r\n\r\n\t<p class=\"mphb-loop-service-thumbnail\">\r\n\t<img loading=\"lazy\" decoding=\"async\" width=\"717\" height=\"540\" src=\"https:\/\/i0.wp.com\/aktiserifos.gr\/wp-content\/uploads\/2017\/06\/erkoditio.jpeg?resize=717%2C540&amp;ssl=1\" class=\"attachment-villagio-thumb-small size-villagio-thumb-small wp-post-image\" alt=\"\" data-attachment-id=\"2558\" data-permalink=\"https:\/\/aktiserifos.gr\/fr\/service\/aircon\/erkoditio\/\" data-orig-file=\"https:\/\/i0.wp.com\/aktiserifos.gr\/wp-content\/uploads\/2017\/06\/erkoditio.jpeg?fit=1290%2C1824&amp;ssl=1\" data-orig-size=\"1290,1824\" data-comments-opened=\"0\" data-image-meta=\"{&quot;aperture&quot;:&quot;0&quot;,&quot;credit&quot;:&quot;&quot;,&quot;camera&quot;:&quot;&quot;,&quot;caption&quot;:&quot;&quot;,&quot;created_timestamp&quot;:&quot;0&quot;,&quot;copyright&quot;:&quot;&quot;,&quot;focal_length&quot;:&quot;0&quot;,&quot;iso&quot;:&quot;0&quot;,&quot;shutter_speed&quot;:&quot;0&quot;,&quot;title&quot;:&quot;&quot;,&quot;orientation&quot;:&quot;0&quot;}\" data-image-title=\"erkoditio\" data-image-description=\"\" data-image-caption=\"\" data-medium-file=\"https:\/\/i0.wp.com\/aktiserifos.gr\/wp-content\/uploads\/2017\/06\/erkoditio.jpeg?fit=212%2C300&amp;ssl=1\" data-large-file=\"https:\/\/i0.wp.com\/aktiserifos.gr\/wp-content\/uploads\/2017\/06\/erkoditio.jpeg?fit=724%2C1024&amp;ssl=1\" \/>\r\n\t<\/p>\r\n\r\n\r\n\r\n<h2 class=\"mphb-service-title\">\r\n<a href=\"https:\/\/aktiserifos.gr\/fr\/service\/aircon\/\">Climatisation<\/a>\r\n<\/h2>\r\n\r\n<p>Toutes les chambres sont \u00e9quip\u00e9es d&rsquo;un syst\u00e8me de climatisation r\u00e9glable individuellement.<\/p>\n\r\n\r\n<p class=\"mphb-price-wrapper\"><strong>Prix :<\/strong>\r\n<span class=\"mphb-price mphb-price-free\">Gratuit<\/span>\r\n<\/p><p class=\"more-link\"><a href=\"https:\/\/aktiserifos.gr\/fr\/service\/aircon\/\" rel=\"bookmark\" class=\"button\">Read more<\/a><\/p>\r\n<\/div><div class=\"mphb-service post-138 mphb_room_service type-mphb_room_service status-publish has-post-thumbnail mphb-service-free\">\r\n\r\n\t\r\n\r\n\t<p class=\"mphb-loop-service-thumbnail\">\r\n\t<img loading=\"lazy\" decoding=\"async\" width=\"717\" height=\"540\" src=\"https:\/\/i0.wp.com\/aktiserifos.gr\/wp-content\/uploads\/2017\/06\/kouzinaexop.jpeg?resize=717%2C540&amp;ssl=1\" class=\"attachment-villagio-thumb-small size-villagio-thumb-small wp-post-image\" alt=\"\" data-attachment-id=\"2559\" data-permalink=\"https:\/\/aktiserifos.gr\/fr\/service\/refrig\/kouzinaexop\/\" data-orig-file=\"https:\/\/i0.wp.com\/aktiserifos.gr\/wp-content\/uploads\/2017\/06\/kouzinaexop.jpeg?fit=1290%2C1099&amp;ssl=1\" data-orig-size=\"1290,1099\" data-comments-opened=\"0\" data-image-meta=\"{&quot;aperture&quot;:&quot;0&quot;,&quot;credit&quot;:&quot;&quot;,&quot;camera&quot;:&quot;&quot;,&quot;caption&quot;:&quot;&quot;,&quot;created_timestamp&quot;:&quot;0&quot;,&quot;copyright&quot;:&quot;&quot;,&quot;focal_length&quot;:&quot;0&quot;,&quot;iso&quot;:&quot;0&quot;,&quot;shutter_speed&quot;:&quot;0&quot;,&quot;title&quot;:&quot;&quot;,&quot;orientation&quot;:&quot;0&quot;}\" data-image-title=\"kouzinaexop\" data-image-description=\"\" data-image-caption=\"\" data-medium-file=\"https:\/\/i0.wp.com\/aktiserifos.gr\/wp-content\/uploads\/2017\/06\/kouzinaexop.jpeg?fit=300%2C256&amp;ssl=1\" data-large-file=\"https:\/\/i0.wp.com\/aktiserifos.gr\/wp-content\/uploads\/2017\/06\/kouzinaexop.jpeg?fit=886%2C754&amp;ssl=1\" \/>\r\n\t<\/p>\r\n\r\n\r\n\r\n<h2 class=\"mphb-service-title\">\r\n<a href=\"https:\/\/aktiserifos.gr\/fr\/service\/refrig\/\">R\u00e9frig\u00e9rateur et cuisine<\/a>\r\n<\/h2>\r\n\r\n<p>Tous nos appartements et chambres sont \u00e9quip\u00e9s d&rsquo;un r\u00e9frig\u00e9rateur pour vous permettre de d\u00e9guster des fruits frais et des boissons fra\u00eeches. Nos appartements comprennent une cuisine compl\u00e8te pour vos repas de famille.<\/p>\n\r\n\r\n<p class=\"mphb-price-wrapper\"><strong>Prix :<\/strong>\r\n<span class=\"mphb-price mphb-price-free\">Gratuit<\/span>\r\n<\/p><p class=\"more-link\"><a href=\"https:\/\/aktiserifos.gr\/fr\/service\/refrig\/\" rel=\"bookmark\" class=\"button\">Read more<\/a><\/p>\r\n<\/div><\/div>\n","protected":false},"excerpt":{"rendered":"","protected":false},"author":1,"featured_media":0,"parent":0,"menu_order":0,"comment_status":"closed","ping_status":"closed","template":"template-grid-page.php","meta":{"jetpack_post_was_ever_published":false,"footnotes":""},"class_list":["post-119","page","type-page","status-publish","hentry"],"translation":{"provider":"WPGlobus","version":"3.0.1","language":"fr","enabled_languages":["en","el","it","fr","de"],"languages":{"en":{"title":true,"content":true,"excerpt":false},"el":{"title":true,"content":false,"excerpt":false},"it":{"title":true,"content":false,"excerpt":false},"fr":{"title":true,"content":false,"excerpt":false},"de":{"title":true,"content":false,"excerpt":false}}},"jetpack_sharing_enabled":true,"jetpack_shortlink":"https:\/\/wp.me\/P9vtgN-1V","jetpack_likes_enabled":true,"_links":{"self":[{"href":"https:\/\/aktiserifos.gr\/fr\/wp-json\/wp\/v2\/pages\/119","targetHints":{"allow":["GET"]}}],"collection":[{"href":"https:\/\/aktiserifos.gr\/fr\/wp-json\/wp\/v2\/pages"}],"about":[{"href":"https:\/\/aktiserifos.gr\/fr\/wp-json\/wp\/v2\/types\/page"}],"author":[{"embeddable":true,"href":"https:\/\/aktiserifos.gr\/fr\/wp-json\/wp\/v2\/users\/1"}],"replies":[{"embeddable":true,"href":"https:\/\/aktiserifos.gr\/fr\/wp-json\/wp\/v2\/comments?post=119"}],"version-history":[{"count":2,"href":"https:\/\/aktiserifos.gr\/fr\/wp-json\/wp\/v2\/pages\/119\/revisions"}],"predecessor-version":[{"id":935,"href":"https:\/\/aktiserifos.gr\/fr\/wp-json\/wp\/v2\/pages\/119\/revisions\/935"}],"wp:attachment":[{"href":"https:\/\/aktiserifos.gr\/fr\/wp-json\/wp\/v2\/media?parent=119"}],"curies":[{"name":"wp","href":"https:\/\/api.w.org\/{rel}","templated":true}]}}