{"id":133,"date":"2017-06-14T10:57:27","date_gmt":"2017-06-14T10:57:27","guid":{"rendered":"http:\/\/themes.getmotopress.com\/villagio\/?page_id=133"},"modified":"2023-01-28T11:30:29","modified_gmt":"2023-01-28T09:30:29","slug":"location","status":"publish","type":"page","link":"https:\/\/aktiserifos.gr\/fr\/activities\/location\/","title":{"rendered":"Notre Emplacement"},"content":{"rendered":"<p><span id=\"result_box\" class=\"\" lang=\"fr\" tabindex=\"-1\"><span title=\"Our room complex \">Notre complexe de chambres \u00ab\u00a0AKTI SERIFOS\u00a0\u00bb est situ\u00e9 dans le centre de Livadi qui est le port central de notre belle \u00eele Serifos.<\/span><\/span><\/p>\n<p><span title=\"It is a 5 minute walk from and to the port and just up to the beach.\">Il est \u00e0 5 minutes \u00e0 pied du port et juste \u00e0 la plage. <\/span><span title=\"Bus station to mainland and to the beaches is just 20 meters from our complex. \">La station de bus vers le continent et les plages est \u00e0 seulement 20 m\u00e8tres de notre complexe.<\/span><\/p>\n<p><span title=\"Livadi is the first settlement you visit when you arrive by ferry from Piraeus.\">Livadi est la premi\u00e8re colonie que vous visitez lorsque vous arrivez en ferry du Pir\u00e9e. <\/span><span title=\"It is a beautiful place with white cubical houses built according to the Cycladic traditional architecture, with small boats that sway in its pier.\">C&rsquo;est un bel endroit avec des maisons cubiques blanches construites selon l&rsquo;architecture traditionnelle des Cyclades, avec de petits bateaux qui se balancent dans son embarcad\u00e8re. <\/span><span title=\"Here you can find bars and clubs that play all kinds of music, cafes, taverns and restaurants with traditional dishes from our island , shops with souvenirs, mini markets, bakeries, a bank and a post office. \">Ici vous pouvez trouver des bars et des clubs qui jouent toutes sortes de musique, caf\u00e9s, tavernes et restaurants avec des plats traditionnels de notre \u00eele, des magasins avec des souvenirs, des sup\u00e9rettes, des boulangeries, une banque et un bureau de poste.<\/span><\/p>\n<p><span title=\"Avlomonas ,one of the most beautiful beaches of the island, is located in Livadi and it is the only organized beach of the island, with sun beds and umbrellas.\">Avlomonas, l&rsquo;une des plus belles plages de l&rsquo;\u00eele, est situ\u00e9e \u00e0 Livadi et c&rsquo;est la seule plage organis\u00e9e de l&rsquo;\u00eele, avec des chaises longues et des parasols. <\/span><span title=\"In Livadi you can find also a modern Marina with all special mooring spots for your sailing boat. \">A Livadi, vous trouverez \u00e9galement une Marina moderne avec tous les points d&rsquo;amarrage sp\u00e9ciaux pour votre bateau \u00e0 voile.<\/span><\/p>\n<p><span title=\"Our friendly and family environment guarantees that you will have a pleasant and calm stay, much needed for your vacation. \">Notre environnement amical et familial vous garantit un s\u00e9jour agr\u00e9able et calme, indispensable pour vos vacances.<\/span><\/p>\n<p><span title=\"Distance examples \">Exemples de distance<\/span><\/p>\n<p><span title=\"120m from Port - 20m from Bus stop - 60m from Bank - 20m from Pharmacy - 60m from free Parking - 5km from Chora (main island settlement)\">120m du port &#8211; 20m de l&rsquo;arr\u00eat de bus &#8211; 60m de la banque &#8211; 20m de la pharmacie &#8211; 5 km de Chora (\u00e9tablissement de l&rsquo;\u00eele principale)<\/span><\/p>\n<p class=\"jetpack-slideshow-noscript robots-nocontent\">Ce diaporama n\u00e9cessite JavaScript.<\/p><div id=\"gallery-133-1-slideshow\" class=\"jetpack-slideshow-window jetpack-slideshow jetpack-slideshow-black\" data-trans=\"fade\" data-autostart=\"1\" data-gallery=\"[{&quot;src&quot;:&quot;https:\\\/\\\/i0.wp.com\\\/aktiserifos.gr\\\/wp-content\\\/uploads\\\/2018\\\/01\\\/27.jpg?fit=800%2C600\\u0026ssl=1&quot;,&quot;id&quot;:&quot;328&quot;,&quot;title&quot;:&quot;27&quot;,&quot;alt&quot;:&quot;&quot;,&quot;caption&quot;:&quot;&quot;,&quot;itemprop&quot;:&quot;image&quot;},{&quot;src&quot;:&quot;https:\\\/\\\/i0.wp.com\\\/aktiserifos.gr\\\/wp-content\\\/uploads\\\/2018\\\/01\\\/big_thumb_View_from_top_of_a_hill__in_Serifos_island.jpg?fit=1920%2C904\\u0026ssl=1&quot;,&quot;id&quot;:&quot;331&quot;,&quot;title&quot;:&quot;big_thumb_View_from_top_of_a_hill__in_Serifos_island&quot;,&quot;alt&quot;:&quot;&quot;,&quot;caption&quot;:&quot;&quot;,&quot;itemprop&quot;:&quot;image&quot;},{&quot;src&quot;:&quot;https:\\\/\\\/i0.wp.com\\\/aktiserifos.gr\\\/wp-content\\\/uploads\\\/2018\\\/01\\\/5977acbc98b84.jpg?fit=3888%2C2592\\u0026ssl=1&quot;,&quot;id&quot;:&quot;330&quot;,&quot;title&quot;:&quot;5977acbc98b84&quot;,&quot;alt&quot;:&quot;&quot;,&quot;caption&quot;:&quot;&quot;,&quot;itemprop&quot;:&quot;image&quot;},{&quot;src&quot;:&quot;https:\\\/\\\/i0.wp.com\\\/aktiserifos.gr\\\/wp-content\\\/uploads\\\/2018\\\/01\\\/serifos_limani.jpg?fit=1600%2C1063\\u0026ssl=1&quot;,&quot;id&quot;:&quot;332&quot;,&quot;title&quot;:&quot;serifos_limani&quot;,&quot;alt&quot;:&quot;&quot;,&quot;caption&quot;:&quot;&quot;,&quot;itemprop&quot;:&quot;image&quot;},{&quot;src&quot;:&quot;https:\\\/\\\/i0.wp.com\\\/aktiserifos.gr\\\/wp-content\\\/uploads\\\/2021\\\/04\\\/167579936_494917478188211_7983226087771582017_n.jpg?fit=540%2C961\\u0026ssl=1&quot;,&quot;id&quot;:&quot;1570&quot;,&quot;title&quot;:&quot;167579936_494917478188211_7983226087771582017_n&quot;,&quot;alt&quot;:&quot;&quot;,&quot;caption&quot;:&quot;&quot;,&quot;itemprop&quot;:&quot;image&quot;},{&quot;src&quot;:&quot;https:\\\/\\\/i0.wp.com\\\/aktiserifos.gr\\\/wp-content\\\/uploads\\\/2018\\\/01\\\/serifos_limani4.jpg?fit=1600%2C1067\\u0026ssl=1&quot;,&quot;id&quot;:&quot;333&quot;,&quot;title&quot;:&quot;SERIFOS&quot;,&quot;alt&quot;:&quot;&quot;,&quot;caption&quot;:&quot;&quot;,&quot;itemprop&quot;:&quot;image&quot;},{&quot;src&quot;:&quot;https:\\\/\\\/i0.wp.com\\\/aktiserifos.gr\\\/wp-content\\\/uploads\\\/2018\\\/01\\\/28.jpg?fit=800%2C598\\u0026ssl=1&quot;,&quot;id&quot;:&quot;329&quot;,&quot;title&quot;:&quot;28&quot;,&quot;alt&quot;:&quot;&quot;,&quot;caption&quot;:&quot;&quot;,&quot;itemprop&quot;:&quot;image&quot;}]\" itemscope itemtype=\"https:\/\/schema.org\/ImageGallery\"><\/div>\n","protected":false},"excerpt":{"rendered":"<p>Notre complexe de chambres \u00ab\u00a0AKTI SERIFOS\u00a0\u00bb est situ\u00e9 dans le centre de Livadi qui est le port central de notre belle \u00eele Serifos. Il est \u00e0 5 minutes \u00e0 pied du port et juste \u00e0 la plage. La station de bus vers le continent et les plages est \u00e0 seulement 20 m\u00e8tres de notre complexe. &hellip; <a href=\"https:\/\/aktiserifos.gr\/fr\/activities\/location\/\" class=\"more-link\">Continue reading<span class=\"screen-reader-text\"> \u00ab\u00a0Notre Emplacement\u00a0\u00bb<\/span><\/a><\/p>\n","protected":false},"author":1,"featured_media":316,"parent":123,"menu_order":0,"comment_status":"closed","ping_status":"closed","template":"","meta":{"jetpack_post_was_ever_published":false,"footnotes":""},"class_list":["post-133","page","type-page","status-publish","has-post-thumbnail","hentry"],"translation":{"provider":"WPGlobus","version":"3.0.1","language":"fr","enabled_languages":["en","el","it","fr","de"],"languages":{"en":{"title":true,"content":true,"excerpt":false},"el":{"title":true,"content":true,"excerpt":false},"it":{"title":true,"content":true,"excerpt":false},"fr":{"title":true,"content":true,"excerpt":false},"de":{"title":true,"content":true,"excerpt":false}}},"jetpack_sharing_enabled":true,"jetpack_shortlink":"https:\/\/wp.me\/P9vtgN-29","jetpack_likes_enabled":true,"_links":{"self":[{"href":"https:\/\/aktiserifos.gr\/fr\/wp-json\/wp\/v2\/pages\/133","targetHints":{"allow":["GET"]}}],"collection":[{"href":"https:\/\/aktiserifos.gr\/fr\/wp-json\/wp\/v2\/pages"}],"about":[{"href":"https:\/\/aktiserifos.gr\/fr\/wp-json\/wp\/v2\/types\/page"}],"author":[{"embeddable":true,"href":"https:\/\/aktiserifos.gr\/fr\/wp-json\/wp\/v2\/users\/1"}],"replies":[{"embeddable":true,"href":"https:\/\/aktiserifos.gr\/fr\/wp-json\/wp\/v2\/comments?post=133"}],"version-history":[{"count":39,"href":"https:\/\/aktiserifos.gr\/fr\/wp-json\/wp\/v2\/pages\/133\/revisions"}],"predecessor-version":[{"id":1515,"href":"https:\/\/aktiserifos.gr\/fr\/wp-json\/wp\/v2\/pages\/133\/revisions\/1515"}],"up":[{"embeddable":true,"href":"https:\/\/aktiserifos.gr\/fr\/wp-json\/wp\/v2\/pages\/123"}],"wp:featuredmedia":[{"embeddable":true,"href":"https:\/\/aktiserifos.gr\/fr\/wp-json\/wp\/v2\/media\/316"}],"wp:attachment":[{"href":"https:\/\/aktiserifos.gr\/fr\/wp-json\/wp\/v2\/media?parent=133"}],"curies":[{"name":"wp","href":"https:\/\/api.w.org\/{rel}","templated":true}]}}